{"id":61778,"date":"2022-05-03T10:30:43","date_gmt":"2022-05-03T09:30:43","guid":{"rendered":"https:\/\/cigarquality.com\/?post_type=product&#038;p=61778"},"modified":"2025-07-25T13:57:03","modified_gmt":"2025-07-25T11:57:03","slug":"s-t-dupont-coupe-cigare-vintage-cuivre-brosse","status":"publish","type":"product","link":"https:\/\/cigarquality.com\/ja\/boutique\/accessoires-cigares\/coupe-cigares\/st-dupont\/s-t-dupont-coupe-cigare-vintage-cuivre-brosse\/","title":{"rendered":"\u30b7\u30ac\u30fc\u30ab\u30c3\u30bf\u30fc S.T.\u30c7\u30e5\u30dd\u30f3 \u30f4\u30a3\u30f3\u30c6\u30fc\u30b8 \u30d6\u30e9\u30c3\u30b7\u30e5\u30c9\u30ab\u30c3\u30d1\u30fc"},"content":{"rendered":"<p>Le S.T. Dupont coupe cigare vintage cuivre bross\u00e9 est \u00e0 double lame et finition chrome et cuivre bross\u00e9.<\/p>","protected":false},"excerpt":{"rendered":"<p>\u4e21\u5203\u30b7\u30ac\u30fc\u30ab\u30c3\u30bf\u30fc\u3002.<\/p>","protected":false},"featured_media":61776,"template":"","meta":{"_acf_changed":false},"product_brand":[],"product_cat":[21754,21757,21962],"product_tag":[],"class_list":{"0":"post-61778","1":"product","2":"type-product","3":"status-publish","4":"has-post-thumbnail","6":"product_cat-accessoires-cigares","7":"product_cat-coupe-cigares","8":"product_cat-st-dupont","9":"product_shipping_class-divers","11":"first","12":"outofstock","13":"taxable","14":"shipping-taxable","15":"purchasable","16":"product-type-simple"},"acf":[],"_links":{"self":[{"href":"https:\/\/cigarquality.com\/ja\/wp-json\/wp\/v2\/product\/61778","targetHints":{"allow":["GET"]}}],"collection":[{"href":"https:\/\/cigarquality.com\/ja\/wp-json\/wp\/v2\/product"}],"about":[{"href":"https:\/\/cigarquality.com\/ja\/wp-json\/wp\/v2\/types\/product"}],"wp:featuredmedia":[{"embeddable":true,"href":"https:\/\/cigarquality.com\/ja\/wp-json\/wp\/v2\/media\/61776"}],"wp:attachment":[{"href":"https:\/\/cigarquality.com\/ja\/wp-json\/wp\/v2\/media?parent=61778"}],"wp:term":[{"taxonomy":"product_brand","embeddable":true,"href":"https:\/\/cigarquality.com\/ja\/wp-json\/wp\/v2\/product_brand?post=61778"},{"taxonomy":"product_cat","embeddable":true,"href":"https:\/\/cigarquality.com\/ja\/wp-json\/wp\/v2\/product_cat?post=61778"},{"taxonomy":"product_tag","embeddable":true,"href":"https:\/\/cigarquality.com\/ja\/wp-json\/wp\/v2\/product_tag?post=61778"}],"curies":[{"name":"wp","href":"https:\/\/api.w.org\/{rel}","templated":true}]}}