{"id":61771,"date":"2022-05-03T10:30:37","date_gmt":"2022-05-03T09:30:37","guid":{"rendered":"https:\/\/cigarquality.com\/?post_type=product&#038;p=61771"},"modified":"2025-10-13T08:40:50","modified_gmt":"2025-10-13T06:40:50","slug":"la-flor-dominicana-coronado-toro-18","status":"publish","type":"product","link":"https:\/\/cigarquality.com\/ja\/boutique\/cigares-dominicains\/la-flor-dominicana\/la-flor-dominicana-coronado-toro-18\/","title":{"rendered":"\u30e9\u30fb\u30d5\u30ed\u30fc\u30eb\u30fb\u30c9\u30df\u30cb\u30ab\u30fc\u30ca \u30b3\u30ed\u30ca\u30c9\u30fb\u30c8\u30ed (18)"},"content":{"rendered":"<p>Pr\u00e9c\u00e9demment appel\u00e9 Coronado by La Flor, <strong>le cigare La Flor Dominicana Coronado Toro a \u00e9t\u00e9 tr\u00e8s bien not\u00e9<\/strong> dans Cigar Aficionado lors de son lancement en 2006, et a m\u00eame figur\u00e9 dans la liste des 25 meilleurs cigares de l&rsquo;ann\u00e9e 2015. Pour une raison ou une autre, La Flor Dominicana Coronado n&rsquo;a pas connu un grand succ\u00e8s commercial et l&rsquo;int\u00e9r\u00eat pour ce cigare a inexplicablement diminu\u00e9, si bien que Litto Gomez ne l&rsquo;a produit que sporadiquement.<\/p>\n<p>Cette ann\u00e9e, il a d\u00e9cid\u00e9 de faire revenir ce grand m\u00e9lange. La marque a un nouveau nom, une nouvelle bo\u00eete et de nouvelles bagues, mais le m\u00e9lange n&rsquo;a pas chang\u00e9 et nous sommes heureux qu&rsquo;il en soit ainsi. Chaque bouff\u00e9e de ce corona gorda pr\u00e9sente un go\u00fbt de noisette doux et moelleux qui se d\u00e9veloppe en une \u00e9l\u00e9gante combinaison de noix de muscade et de biscuits Graham avec une subtile note \u00e9pic\u00e9e.<\/p>\n<p>&nbsp;<\/p>","protected":false},"excerpt":{"rendered":"<p>18\u672c\u5165\u308a\u3002.<\/p>","protected":false},"featured_media":61768,"template":"","meta":{"_acf_changed":false},"product_brand":[],"product_cat":[19809,19812,45109,25265],"product_tag":[],"class_list":{"0":"post-61771","1":"product","2":"type-product","3":"status-publish","4":"has-post-thumbnail","6":"product_cat-cigares","7":"product_cat-cigares-dominicains","8":"product_cat-destockage","9":"product_cat-la-flor-dominicana","10":"product_shipping_class-cigares","12":"first","13":"instock","14":"sale","15":"taxable","16":"shipping-taxable","17":"purchasable","18":"product-type-simple"},"acf":[],"_links":{"self":[{"href":"https:\/\/cigarquality.com\/ja\/wp-json\/wp\/v2\/product\/61771","targetHints":{"allow":["GET"]}}],"collection":[{"href":"https:\/\/cigarquality.com\/ja\/wp-json\/wp\/v2\/product"}],"about":[{"href":"https:\/\/cigarquality.com\/ja\/wp-json\/wp\/v2\/types\/product"}],"wp:featuredmedia":[{"embeddable":true,"href":"https:\/\/cigarquality.com\/ja\/wp-json\/wp\/v2\/media\/61768"}],"wp:attachment":[{"href":"https:\/\/cigarquality.com\/ja\/wp-json\/wp\/v2\/media?parent=61771"}],"wp:term":[{"taxonomy":"product_brand","embeddable":true,"href":"https:\/\/cigarquality.com\/ja\/wp-json\/wp\/v2\/product_brand?post=61771"},{"taxonomy":"product_cat","embeddable":true,"href":"https:\/\/cigarquality.com\/ja\/wp-json\/wp\/v2\/product_cat?post=61771"},{"taxonomy":"product_tag","embeddable":true,"href":"https:\/\/cigarquality.com\/ja\/wp-json\/wp\/v2\/product_tag?post=61771"}],"curies":[{"name":"wp","href":"https:\/\/api.w.org\/{rel}","templated":true}]}}