{"id":61767,"date":"2022-05-03T10:30:35","date_gmt":"2022-05-03T09:30:35","guid":{"rendered":"https:\/\/cigarquality.com\/?post_type=product&#038;p=61767"},"modified":"2026-04-01T09:02:45","modified_gmt":"2026-04-01T07:02:45","slug":"la-aurora-principes-maduro-robusto-25","status":"publish","type":"product","link":"https:\/\/cigarquality.com\/ja\/boutique\/cigares-dominicains\/la-aurora\/la-aurora-principes\/la-aurora-principes-maduro\/la-aurora-principes-maduro-robusto-25\/","title":{"rendered":"La Aurora Principes Maduro Robusto (25)"},"content":{"rendered":"<p>\u8449\u5dfb <strong>La Aurora Principes Maduro Robusto<\/strong> est fabriqu\u00e9 en R\u00e9publique dominicaine. L&rsquo;\u00e9dition Principes Maduro dispose d&rsquo;une belle cape grasse et huileuse dans la m\u00eame classe prix-performance que la ligne Principes Claro et est tr\u00e8s convaincante. Avec une pointe de douceur, des ar\u00f4mes terreux, des ar\u00f4mes de bois et de noix.<br \/>\n<strong>En bref :<\/strong> un grand plaisir et une qualit\u00e9 solide \u00e0 un prix tr\u00e8s attractif !<\/p>","protected":false},"excerpt":{"rendered":"<p>\u8449\u5dfb25\u672c\u5165\u308a\u3002.<\/p>","protected":false},"featured_media":61765,"template":"","meta":{"_acf_changed":false},"product_brand":[],"product_cat":[19809,19812,39945,39954,39956],"product_tag":[],"class_list":{"0":"post-61767","1":"product","2":"type-product","3":"status-publish","4":"has-post-thumbnail","6":"product_cat-cigares","7":"product_cat-cigares-dominicains","8":"product_cat-la-aurora","9":"product_cat-la-aurora-principes","10":"product_cat-la-aurora-principes-maduro","11":"product_shipping_class-cigares","13":"first","14":"instock","15":"sale","16":"taxable","17":"shipping-taxable","18":"purchasable","19":"product-type-simple"},"acf":[],"_links":{"self":[{"href":"https:\/\/cigarquality.com\/ja\/wp-json\/wp\/v2\/product\/61767","targetHints":{"allow":["GET"]}}],"collection":[{"href":"https:\/\/cigarquality.com\/ja\/wp-json\/wp\/v2\/product"}],"about":[{"href":"https:\/\/cigarquality.com\/ja\/wp-json\/wp\/v2\/types\/product"}],"wp:featuredmedia":[{"embeddable":true,"href":"https:\/\/cigarquality.com\/ja\/wp-json\/wp\/v2\/media\/61765"}],"wp:attachment":[{"href":"https:\/\/cigarquality.com\/ja\/wp-json\/wp\/v2\/media?parent=61767"}],"wp:term":[{"taxonomy":"product_brand","embeddable":true,"href":"https:\/\/cigarquality.com\/ja\/wp-json\/wp\/v2\/product_brand?post=61767"},{"taxonomy":"product_cat","embeddable":true,"href":"https:\/\/cigarquality.com\/ja\/wp-json\/wp\/v2\/product_cat?post=61767"},{"taxonomy":"product_tag","embeddable":true,"href":"https:\/\/cigarquality.com\/ja\/wp-json\/wp\/v2\/product_tag?post=61767"}],"curies":[{"name":"wp","href":"https:\/\/api.w.org\/{rel}","templated":true}]}}