{"id":61534,"date":"2022-05-03T08:28:58","date_gmt":"2022-05-03T07:28:58","guid":{"rendered":"https:\/\/cigarquality.com\/?post_type=product&#038;p=61534"},"modified":"2026-03-09T11:51:26","modified_gmt":"2026-03-09T10:51:26","slug":"flor-de-las-antillas-my-father-toro-20","status":"publish","type":"product","link":"https:\/\/cigarquality.com\/ja\/boutique\/cigares-nicaraguayens\/flor-de-las-antillas\/flor-de-las-antillas-my-father-toro-20\/","title":{"rendered":"Flor de las Antillas My Father Toro (20)"},"content":{"rendered":"<p><strong>Le cigare Flor de las Antillas My Father Toro a remport\u00e9 le prix du meilleur de cigare de l&rsquo;ann\u00e9e 2012<\/strong> par cigaraficionado, c&rsquo;est une des plus haute distinction dans le monde du cigare. Le cigare Flor de Las Antillas est un puro nicaraguayen et est produit par la famille Garcia sous la supervision personnelle de Pepin Garcia. Le cigare est produit dans l&rsquo;usine ultramoderne de Garcia au Nicaragua, aujourd&rsquo;hui l&rsquo;une des usines de cigares les plus vastes et de qualit\u00e9 au monde. Il s&rsquo;agit d&rsquo;un cigare complexe rempli de saveurs d\u00e9licieuses allant du cacao riche et de la muscade \u00e0 de l\u00e9g\u00e8res notes de poivre, et est mis en valeur par son merveilleux emballage solaire. Nice et lisse, pas du tout accablant.<\/p>","protected":false},"excerpt":{"rendered":"<p>20\u672c\u5165\u308a\u3002.<\/p>","protected":false},"featured_media":61531,"template":"","meta":{"_acf_changed":false},"product_brand":[],"product_cat":[19809,24833,39913],"product_tag":[],"class_list":{"0":"post-61534","1":"product","2":"type-product","3":"status-publish","4":"has-post-thumbnail","6":"product_cat-cigares","7":"product_cat-cigares-nicaraguayens","8":"product_cat-flor-de-las-antillas","9":"product_shipping_class-cigares","11":"first","12":"instock","13":"sale","14":"taxable","15":"shipping-taxable","16":"purchasable","17":"product-type-simple"},"acf":[],"_links":{"self":[{"href":"https:\/\/cigarquality.com\/ja\/wp-json\/wp\/v2\/product\/61534","targetHints":{"allow":["GET"]}}],"collection":[{"href":"https:\/\/cigarquality.com\/ja\/wp-json\/wp\/v2\/product"}],"about":[{"href":"https:\/\/cigarquality.com\/ja\/wp-json\/wp\/v2\/types\/product"}],"wp:featuredmedia":[{"embeddable":true,"href":"https:\/\/cigarquality.com\/ja\/wp-json\/wp\/v2\/media\/61531"}],"wp:attachment":[{"href":"https:\/\/cigarquality.com\/ja\/wp-json\/wp\/v2\/media?parent=61534"}],"wp:term":[{"taxonomy":"product_brand","embeddable":true,"href":"https:\/\/cigarquality.com\/ja\/wp-json\/wp\/v2\/product_brand?post=61534"},{"taxonomy":"product_cat","embeddable":true,"href":"https:\/\/cigarquality.com\/ja\/wp-json\/wp\/v2\/product_cat?post=61534"},{"taxonomy":"product_tag","embeddable":true,"href":"https:\/\/cigarquality.com\/ja\/wp-json\/wp\/v2\/product_tag?post=61534"}],"curies":[{"name":"wp","href":"https:\/\/api.w.org\/{rel}","templated":true}]}}