{"id":61501,"date":"2022-05-03T09:25:35","date_gmt":"2022-05-03T07:25:35","guid":{"rendered":"https:\/\/cigarquality.com\/?post_type=product&#038;p=61501"},"modified":"2026-02-23T14:09:09","modified_gmt":"2026-02-23T13:09:09","slug":"flor-de-alba-bubinga-110-cigares","status":"publish","type":"product","link":"https:\/\/cigarquality.com\/ja\/boutique\/humidors\/elie-bleu\/flor-de-alba\/flor-de-alba-bubinga-110-cigares\/","title":{"rendered":"\u30d2\u30e5\u30df\u30c9\u30fc\u30eb \u30a8\u30ea\u30fb\u30d6\u30eb\u30fc \u30d5\u30ed\u30fc\u30eb\u30fb\u30c7\u30fb\u30a2\u30eb\u30d0-\u30d6\u30d3\u30f3\u30ac-110\u672c"},"content":{"rendered":"<p>Humidor Elie Bleu &#8211; Flor De Alba &#8211; Bubinga &#8211; 110 Cigares.<\/p>\n<p><strong>\u30f4\u30a3\u30f3\u30c6\u30fc\u30b8\u30fb\u30ad\u30e5\u30fc\u30d0<\/strong><br \/>\nUn hommage aux \u00e9tiquettes traditionnelles des bo\u00eetes de cigares cubains. Un d\u00e9cor haut en couleur cr\u00e9\u00e9 en sycomore teint\u00e9 ou bois naturels.<\/p>\n<ul>\n<li>Coffret pour 110 cigares en Bubinga.<\/li>\n<li>1 Humidificateur.<\/li>\n<li>1 Hygrom\u00e8tre \u00e0 aiguille.<\/li>\n<\/ul>\n<p>40.0 x 27.0 x 11.2 cm<\/p>","protected":false},"excerpt":{"rendered":"<p>110\u672c\u307e\u3067\u53ce\u7d0d\u53ef\u80fd\u306a\u30d2\u30e5\u30df\u30c9\u30fc\u30eb\u3002.<\/p>","protected":false},"featured_media":61500,"template":"","meta":{"_acf_changed":false},"product_brand":[],"product_cat":[27487,21527,27680,21524],"product_tag":[],"class_list":{"0":"post-61501","1":"product","2":"type-product","3":"status-publish","4":"has-post-thumbnail","6":"product_cat-110-cigares","7":"product_cat-elie-bleu","8":"product_cat-flor-de-alba","9":"product_cat-humidors","10":"product_shipping_class-humidor-sans-cigares","12":"first","13":"instock","14":"taxable","15":"shipping-taxable","16":"purchasable","17":"product-type-simple"},"acf":[],"_links":{"self":[{"href":"https:\/\/cigarquality.com\/ja\/wp-json\/wp\/v2\/product\/61501","targetHints":{"allow":["GET"]}}],"collection":[{"href":"https:\/\/cigarquality.com\/ja\/wp-json\/wp\/v2\/product"}],"about":[{"href":"https:\/\/cigarquality.com\/ja\/wp-json\/wp\/v2\/types\/product"}],"wp:featuredmedia":[{"embeddable":true,"href":"https:\/\/cigarquality.com\/ja\/wp-json\/wp\/v2\/media\/61500"}],"wp:attachment":[{"href":"https:\/\/cigarquality.com\/ja\/wp-json\/wp\/v2\/media?parent=61501"}],"wp:term":[{"taxonomy":"product_brand","embeddable":true,"href":"https:\/\/cigarquality.com\/ja\/wp-json\/wp\/v2\/product_brand?post=61501"},{"taxonomy":"product_cat","embeddable":true,"href":"https:\/\/cigarquality.com\/ja\/wp-json\/wp\/v2\/product_cat?post=61501"},{"taxonomy":"product_tag","embeddable":true,"href":"https:\/\/cigarquality.com\/ja\/wp-json\/wp\/v2\/product_tag?post=61501"}],"curies":[{"name":"wp","href":"https:\/\/api.w.org\/{rel}","templated":true}]}}