{"id":61421,"date":"2022-05-03T09:06:08","date_gmt":"2022-05-03T07:06:08","guid":{"rendered":"https:\/\/cigarquality.com\/?post_type=product&#038;p=61421"},"modified":"2025-09-11T12:05:11","modified_gmt":"2025-09-11T10:05:11","slug":"e-p-carrillo-new-wave-connecticut-divinos-20","status":"publish","type":"product","link":"https:\/\/cigarquality.com\/ja\/boutique\/cigares-dominicains\/ernesto-perez-carrillo\/elite-series\/e-p-carrillo-new-wave-connecticut\/e-p-carrillo-new-wave-connecticut-divinos-20\/","title":{"rendered":"E.P.\u30ab\u30ea\u30fc\u30b8\u30e7 \u30cb\u30e5\u30fc\u30a6\u30a7\u30fc\u30d6\u30fb\u30b3\u30cd\u30c1\u30ab\u30c3\u30c8\u30fb\u30c7\u30a3\u30f4\u30a3\u30ce\u30b9 (20)"},"content":{"rendered":"<p>Le cigare E. P. Carrillo New Wave Connecticut Divinos a une tr\u00e8s belle cape claire Connecticut. En fumant, les ar\u00f4mes de cr\u00e9meux dominent, ceux de noisettes sont associ\u00e9s \u00e0 des grains de caf\u00e9 et laisse un l\u00e9ger go\u00fbt sucr\u00e9.<\/p>","protected":false},"excerpt":{"rendered":"<p>20\u672c\u5165\u308a\u3002.<\/p>","protected":false},"featured_media":61419,"template":"","meta":{"_acf_changed":false},"product_brand":[],"product_cat":[19812,24386,39895,39905],"product_tag":[],"class_list":{"0":"post-61421","1":"product","2":"type-product","3":"status-publish","4":"has-post-thumbnail","6":"product_cat-cigares-dominicains","7":"product_cat-ernesto-perez-carrillo","8":"product_cat-e-p-carrillo-new-wave-connecticut","9":"product_cat-elite-series","10":"product_shipping_class-cigares","12":"first","13":"instock","14":"sale","15":"taxable","16":"shipping-taxable","17":"purchasable","18":"product-type-simple"},"acf":[],"_links":{"self":[{"href":"https:\/\/cigarquality.com\/ja\/wp-json\/wp\/v2\/product\/61421","targetHints":{"allow":["GET"]}}],"collection":[{"href":"https:\/\/cigarquality.com\/ja\/wp-json\/wp\/v2\/product"}],"about":[{"href":"https:\/\/cigarquality.com\/ja\/wp-json\/wp\/v2\/types\/product"}],"wp:featuredmedia":[{"embeddable":true,"href":"https:\/\/cigarquality.com\/ja\/wp-json\/wp\/v2\/media\/61419"}],"wp:attachment":[{"href":"https:\/\/cigarquality.com\/ja\/wp-json\/wp\/v2\/media?parent=61421"}],"wp:term":[{"taxonomy":"product_brand","embeddable":true,"href":"https:\/\/cigarquality.com\/ja\/wp-json\/wp\/v2\/product_brand?post=61421"},{"taxonomy":"product_cat","embeddable":true,"href":"https:\/\/cigarquality.com\/ja\/wp-json\/wp\/v2\/product_cat?post=61421"},{"taxonomy":"product_tag","embeddable":true,"href":"https:\/\/cigarquality.com\/ja\/wp-json\/wp\/v2\/product_tag?post=61421"}],"curies":[{"name":"wp","href":"https:\/\/api.w.org\/{rel}","templated":true}]}}