{"id":61311,"date":"2022-05-02T16:28:49","date_gmt":"2022-05-02T14:28:49","guid":{"rendered":"https:\/\/cigarquality.com\/?post_type=product&#038;p=61311"},"modified":"2026-03-31T10:55:07","modified_gmt":"2026-03-31T08:55:07","slug":"davidoff-tabac-a-pipes-green-mixture","status":"publish","type":"product","link":"https:\/\/cigarquality.com\/ja\/boutique\/tabacs-a-pipes\/davidoff-tabac-a-pipes\/davidoff-tabac-a-pipes-green-mixture\/","title":{"rendered":"\u30d1\u30a4\u30d7\u30fb\u30bf\u30d0\u30b3 \u30c0\u30d3\u30c9\u30d5\u30fb\u30b0\u30ea\u30fc\u30f3\u30fb\u30df\u30af\u30b9\u30c1\u30e3\u30fc"},"content":{"rendered":"<p>Le m\u00e9lange exquis de Virginie m\u00fbre, de savoureux Burley et de Black Cavendish vous offre un feu l\u00e9ger et calme lorsque vous fumez du tabac \u00e0 pipe Davidoff Green Mixture. Et l&rsquo;\u00e9quilibre de son parfum frais et l\u00e9g\u00e8rement fruit\u00e9 a un effet agr\u00e9ablement discret sur votre environnement.<\/p>","protected":false},"excerpt":{"rendered":"<p>\u30d1\u30a4\u30d7\u30bf\u30d0\u30b3\u3002.<\/p>","protected":false},"featured_media":61309,"template":"","meta":{"_acf_changed":false},"product_brand":[],"product_cat":[39875,40016],"product_tag":[],"class_list":{"0":"post-61311","1":"product","2":"type-product","3":"status-publish","4":"has-post-thumbnail","6":"product_cat-davidoff-tabac-a-pipes","7":"product_cat-tabacs-a-pipes","8":"product_shipping_class-divers","10":"first","11":"instock","12":"taxable","13":"shipping-taxable","14":"purchasable","15":"product-type-simple"},"acf":[],"_links":{"self":[{"href":"https:\/\/cigarquality.com\/ja\/wp-json\/wp\/v2\/product\/61311","targetHints":{"allow":["GET"]}}],"collection":[{"href":"https:\/\/cigarquality.com\/ja\/wp-json\/wp\/v2\/product"}],"about":[{"href":"https:\/\/cigarquality.com\/ja\/wp-json\/wp\/v2\/types\/product"}],"wp:featuredmedia":[{"embeddable":true,"href":"https:\/\/cigarquality.com\/ja\/wp-json\/wp\/v2\/media\/61309"}],"wp:attachment":[{"href":"https:\/\/cigarquality.com\/ja\/wp-json\/wp\/v2\/media?parent=61311"}],"wp:term":[{"taxonomy":"product_brand","embeddable":true,"href":"https:\/\/cigarquality.com\/ja\/wp-json\/wp\/v2\/product_brand?post=61311"},{"taxonomy":"product_cat","embeddable":true,"href":"https:\/\/cigarquality.com\/ja\/wp-json\/wp\/v2\/product_cat?post=61311"},{"taxonomy":"product_tag","embeddable":true,"href":"https:\/\/cigarquality.com\/ja\/wp-json\/wp\/v2\/product_tag?post=61311"}],"curies":[{"name":"wp","href":"https:\/\/api.w.org\/{rel}","templated":true}]}}