{"id":61304,"date":"2022-05-02T16:28:43","date_gmt":"2022-05-02T14:28:43","guid":{"rendered":"https:\/\/cigarquality.com\/?post_type=product&#038;p=61304"},"modified":"2026-03-31T10:54:54","modified_gmt":"2026-03-31T08:54:54","slug":"davidoff-tabac-a-pipes-scottish-mixture","status":"publish","type":"product","link":"https:\/\/cigarquality.com\/ja\/boutique\/tabacs-a-pipes\/davidoff-tabac-a-pipes\/davidoff-tabac-a-pipes-scottish-mixture\/","title":{"rendered":"\u30d1\u30a4\u30d7\u30fb\u30bf\u30d0\u30b3 \u30c0\u30d3\u30c9\u30d5\u30fb\u30b9\u30b3\u30c6\u30a3\u30c3\u30b7\u30e5\u30fb\u30df\u30af\u30b9\u30c1\u30e3\u30fc"},"content":{"rendered":"<p>Les tabacs \u00e0 pipe Davidoff comprennent des m\u00e9langes classiques traditionnels et des saveurs \u00e9l\u00e9gantes et invitantes.\u00a0<strong>Le Davidoff Scottish Mixture<\/strong> est un m\u00e9lange l\u00e9ger, savoureux et de coupe moyenne, avec un ar\u00f4me frais et d\u00e9licatement fleuri, qui conf\u00e8re un parfum tr\u00e8s agr\u00e9able.\u00a0L&rsquo;un des m\u00e9langes de tabac \u00e0 pipes les plus populaires, m\u00e9lang\u00e9 \u00e0 partir de grades s\u00e9lectionn\u00e9s de Virginie, de Burley, du Kentucky et d&rsquo;une petite portion de tabac oriental &#8211; raffin\u00e9 avec une pinc\u00e9e du meilleur whisky \u00e9cossais.<\/p>\n<p>\u30c7\u30f3\u30de\u30fc\u30af\u88fd\u3002.<\/p>","protected":false},"excerpt":{"rendered":"<p>\u30d1\u30a4\u30d7\u30bf\u30d0\u30b3\u3002.<\/p>","protected":false},"featured_media":61302,"template":"","meta":{"_acf_changed":false},"product_brand":[],"product_cat":[39875,40016],"product_tag":[],"class_list":{"0":"post-61304","1":"product","2":"type-product","3":"status-publish","4":"has-post-thumbnail","6":"product_cat-davidoff-tabac-a-pipes","7":"product_cat-tabacs-a-pipes","8":"product_shipping_class-divers","10":"first","11":"instock","12":"taxable","13":"shipping-taxable","14":"purchasable","15":"product-type-simple"},"acf":[],"_links":{"self":[{"href":"https:\/\/cigarquality.com\/ja\/wp-json\/wp\/v2\/product\/61304","targetHints":{"allow":["GET"]}}],"collection":[{"href":"https:\/\/cigarquality.com\/ja\/wp-json\/wp\/v2\/product"}],"about":[{"href":"https:\/\/cigarquality.com\/ja\/wp-json\/wp\/v2\/types\/product"}],"wp:featuredmedia":[{"embeddable":true,"href":"https:\/\/cigarquality.com\/ja\/wp-json\/wp\/v2\/media\/61302"}],"wp:attachment":[{"href":"https:\/\/cigarquality.com\/ja\/wp-json\/wp\/v2\/media?parent=61304"}],"wp:term":[{"taxonomy":"product_brand","embeddable":true,"href":"https:\/\/cigarquality.com\/ja\/wp-json\/wp\/v2\/product_brand?post=61304"},{"taxonomy":"product_cat","embeddable":true,"href":"https:\/\/cigarquality.com\/ja\/wp-json\/wp\/v2\/product_cat?post=61304"},{"taxonomy":"product_tag","embeddable":true,"href":"https:\/\/cigarquality.com\/ja\/wp-json\/wp\/v2\/product_tag?post=61304"}],"curies":[{"name":"wp","href":"https:\/\/api.w.org\/{rel}","templated":true}]}}