{"id":61255,"date":"2022-05-02T16:27:44","date_gmt":"2022-05-02T14:27:44","guid":{"rendered":"https:\/\/cigarquality.com\/?post_type=product&#038;p=61255"},"modified":"2026-01-26T14:26:55","modified_gmt":"2026-01-26T13:26:55","slug":"davidoff-royal-release-salomones-boite-en-bois","status":"publish","type":"product","link":"https:\/\/cigarquality.com\/ja\/boutique\/cigares-dominicains\/davidoff\/editions-limitees\/davidoff-royal-release-salomones-boite-en-bois\/","title":{"rendered":"\u30c0\u30d3\u30c9\u30d5\u30fb\u30ed\u30a4\u30e4\u30eb\u30fb\u30ea\u30ea\u30fc\u30b9\u30fb\u30b5\u30ed\u30e2\u30f3\uff0b\u6728\u88fd\u30dc\u30c3\u30af\u30b9"},"content":{"rendered":"<p><strong>A l\u2019achat d\u2019un cigare Davidoff Royal Release Salomones, une bo\u00eete en bois vous est offerte.<\/strong> Un v\u00e9ritable chef-d\u2019\u0153uvre de cigare avec seulement les meilleurs tabacs ! Non seulement en raison de l\u2019\u00e9l\u00e9gant format Salomones v\u00eatu de l\u2019emballage exclusif Aromatica Dominicana, mais \u00e9galement en raison des changements continus de diam\u00e8tres faisant appara\u00eetre des ar\u00f4mes vari\u00e9s de cuir, de poivre noir, de cr\u00e8me, de chocolat au lait et de ch\u00eane. Une perfection de sensations qui remplira non seulement votre temps magnifiquement mais aussi royalement.<\/p>","protected":false},"excerpt":{"rendered":"<p>\u8449\u5dfb1\u672c\u5165\u308a\u3002.<\/p>","protected":false},"featured_media":61253,"template":"","meta":{"_acf_changed":false},"product_brand":[],"product_cat":[19809,19812,19835,19839],"product_tag":[],"class_list":{"0":"post-61255","1":"product","2":"type-product","3":"status-publish","4":"has-post-thumbnail","6":"product_cat-cigares","7":"product_cat-cigares-dominicains","8":"product_cat-davidoff","9":"product_cat-editions-limitees","10":"product_shipping_class-class1","12":"first","13":"outofstock","14":"taxable","15":"shipping-taxable","16":"purchasable","17":"product-type-simple"},"acf":[],"_links":{"self":[{"href":"https:\/\/cigarquality.com\/ja\/wp-json\/wp\/v2\/product\/61255","targetHints":{"allow":["GET"]}}],"collection":[{"href":"https:\/\/cigarquality.com\/ja\/wp-json\/wp\/v2\/product"}],"about":[{"href":"https:\/\/cigarquality.com\/ja\/wp-json\/wp\/v2\/types\/product"}],"wp:featuredmedia":[{"embeddable":true,"href":"https:\/\/cigarquality.com\/ja\/wp-json\/wp\/v2\/media\/61253"}],"wp:attachment":[{"href":"https:\/\/cigarquality.com\/ja\/wp-json\/wp\/v2\/media?parent=61255"}],"wp:term":[{"taxonomy":"product_brand","embeddable":true,"href":"https:\/\/cigarquality.com\/ja\/wp-json\/wp\/v2\/product_brand?post=61255"},{"taxonomy":"product_cat","embeddable":true,"href":"https:\/\/cigarquality.com\/ja\/wp-json\/wp\/v2\/product_cat?post=61255"},{"taxonomy":"product_tag","embeddable":true,"href":"https:\/\/cigarquality.com\/ja\/wp-json\/wp\/v2\/product_tag?post=61255"}],"curies":[{"name":"wp","href":"https:\/\/api.w.org\/{rel}","templated":true}]}}