{"id":61234,"date":"2022-05-02T15:27:30","date_gmt":"2022-05-02T14:27:30","guid":{"rendered":"https:\/\/cigarquality.com\/?post_type=product&#038;p=61234"},"modified":"2025-10-07T12:28:12","modified_gmt":"2025-10-07T10:28:12","slug":"davidoff-nicaragua-diadema-etui-4","status":"publish","type":"product","link":"https:\/\/cigarquality.com\/ja\/boutique\/cigares-dominicains\/davidoff\/nicaragua\/davidoff-nicaragua-diadema-etui-4\/","title":{"rendered":"Davidoff Nicaragua Diadema Etui (4)"},"content":{"rendered":"<p>Ce magnifique format Davidoff Nicaragua Diadema apporte de nouveaux pics de stimulation du palais avec des notes audacieuses de poivre blanc, de caf\u00e9 torr\u00e9fi\u00e9 et de chocolat noir amer. La formation d\u2019un raccourci vers ce format lib\u00e8re les ar\u00f4mes et les saveurs d\u2019une mani\u00e8re plus prononc\u00e9e tout en ajoutant une stimulation douce-am\u00e8re et \u00e9pic\u00e9e intensifi\u00e9e. Go\u00fbtez \u00e0 l\u2019intensit\u00e9 de Davidoff Nicaragua.<\/p>\n<p>Les cigares nicaraguayens Davidoff et leur sensation de go\u00fbt aigre-doux sont exceptionnellement associ\u00e9s \u00e0 un rhum semi-sucr\u00e9 comme Flor de Ca\u00f1a ou \u00e0 un whisky single malt comme Bunnahabhain 12 ans.<\/p>","protected":false},"excerpt":{"rendered":"<p>\u00c9tui de 4 cigares.<\/p>","protected":false},"featured_media":61231,"template":"","meta":{"_acf_changed":false},"product_brand":[],"product_cat":[19809,19812,19835,28384],"product_tag":[],"class_list":{"0":"post-61234","1":"product","2":"type-product","3":"status-publish","4":"has-post-thumbnail","6":"product_cat-cigares","7":"product_cat-cigares-dominicains","8":"product_cat-davidoff","9":"product_cat-nicaragua","10":"product_shipping_class-cigares","12":"first","13":"instock","14":"sale","15":"taxable","16":"shipping-taxable","17":"purchasable","18":"product-type-simple"},"acf":[],"_links":{"self":[{"href":"https:\/\/cigarquality.com\/ja\/wp-json\/wp\/v2\/product\/61234","targetHints":{"allow":["GET"]}}],"collection":[{"href":"https:\/\/cigarquality.com\/ja\/wp-json\/wp\/v2\/product"}],"about":[{"href":"https:\/\/cigarquality.com\/ja\/wp-json\/wp\/v2\/types\/product"}],"wp:featuredmedia":[{"embeddable":true,"href":"https:\/\/cigarquality.com\/ja\/wp-json\/wp\/v2\/media\/61231"}],"wp:attachment":[{"href":"https:\/\/cigarquality.com\/ja\/wp-json\/wp\/v2\/media?parent=61234"}],"wp:term":[{"taxonomy":"product_brand","embeddable":true,"href":"https:\/\/cigarquality.com\/ja\/wp-json\/wp\/v2\/product_brand?post=61234"},{"taxonomy":"product_cat","embeddable":true,"href":"https:\/\/cigarquality.com\/ja\/wp-json\/wp\/v2\/product_cat?post=61234"},{"taxonomy":"product_tag","embeddable":true,"href":"https:\/\/cigarquality.com\/ja\/wp-json\/wp\/v2\/product_tag?post=61234"}],"curies":[{"name":"wp","href":"https:\/\/api.w.org\/{rel}","templated":true}]}}