{"id":61186,"date":"2022-05-02T16:14:50","date_gmt":"2022-05-02T14:14:50","guid":{"rendered":"https:\/\/cigarquality.com\/?post_type=product&#038;p=61186"},"modified":"2026-03-31T10:56:41","modified_gmt":"2026-03-31T08:56:41","slug":"davidoff-tabac-a-pipes-brazil","status":"publish","type":"product","link":"https:\/\/cigarquality.com\/ja\/boutique\/tabacs-a-pipes\/davidoff-tabac-a-pipes\/davidoff-tabac-a-pipes-brazil\/","title":{"rendered":"\u30d1\u30a4\u30d7\u30fb\u30bf\u30d0\u30b3 \u30c0\u30d3\u30c9\u30d5\u30fb\u30d6\u30e9\u30b8\u30eb"},"content":{"rendered":"<p>Le Davidoff tabac \u00e0 pipes Brazil contient un m\u00e9lange de Black Cavendish double ferment\u00e9 et de vari\u00e9t\u00e9s de tabac de Virginie vieilli s\u00e9ch\u00e9 \u00e0 l&rsquo;air chaud du Br\u00e9sil dans diff\u00e9rentes longueurs de coupe. Un m\u00e9lange de premi\u00e8re classe avec une note douce et fruit\u00e9e fra\u00eeche.<\/p>","protected":false},"excerpt":{"rendered":"<p>\u30d1\u30a4\u30d7\u30bf\u30d0\u30b3\u3002.<\/p>","protected":false},"featured_media":61185,"template":"","meta":{"_acf_changed":false},"product_brand":[],"product_cat":[39875,40016],"product_tag":[],"class_list":{"0":"post-61186","1":"product","2":"type-product","3":"status-publish","4":"has-post-thumbnail","6":"product_cat-davidoff-tabac-a-pipes","7":"product_cat-tabacs-a-pipes","8":"product_shipping_class-divers","10":"first","11":"instock","12":"taxable","13":"shipping-taxable","14":"purchasable","15":"product-type-simple"},"acf":[],"_links":{"self":[{"href":"https:\/\/cigarquality.com\/ja\/wp-json\/wp\/v2\/product\/61186","targetHints":{"allow":["GET"]}}],"collection":[{"href":"https:\/\/cigarquality.com\/ja\/wp-json\/wp\/v2\/product"}],"about":[{"href":"https:\/\/cigarquality.com\/ja\/wp-json\/wp\/v2\/types\/product"}],"wp:featuredmedia":[{"embeddable":true,"href":"https:\/\/cigarquality.com\/ja\/wp-json\/wp\/v2\/media\/61185"}],"wp:attachment":[{"href":"https:\/\/cigarquality.com\/ja\/wp-json\/wp\/v2\/media?parent=61186"}],"wp:term":[{"taxonomy":"product_brand","embeddable":true,"href":"https:\/\/cigarquality.com\/ja\/wp-json\/wp\/v2\/product_brand?post=61186"},{"taxonomy":"product_cat","embeddable":true,"href":"https:\/\/cigarquality.com\/ja\/wp-json\/wp\/v2\/product_cat?post=61186"},{"taxonomy":"product_tag","embeddable":true,"href":"https:\/\/cigarquality.com\/ja\/wp-json\/wp\/v2\/product_tag?post=61186"}],"curies":[{"name":"wp","href":"https:\/\/api.w.org\/{rel}","templated":true}]}}