{"id":61164,"date":"2022-05-02T15:14:25","date_gmt":"2022-05-02T14:14:25","guid":{"rendered":"https:\/\/cigarquality.com\/?post_type=product&#038;p=61164"},"modified":"2026-01-23T19:59:02","modified_gmt":"2026-01-23T18:59:02","slug":"davidoff-mini-cigarillos-gold-10x10","status":"publish","type":"product","link":"https:\/\/cigarquality.com\/ja\/boutique\/cigares-dominicains\/davidoff\/davidoff-cigarillos\/davidoff-mini-cigarillos-gold-10x10\/","title":{"rendered":"\u30c0\u30d3\u30c9\u30d5 \u30df\u30cb\u30b7\u30ac\u30ea\u30ed \u30b4\u30fc\u30eb\u30c9 (10\u00d710)"},"content":{"rendered":"<p>Avez-vous essay\u00e9 nos Davidoff Mini Cigarillos ? Nous avons combin\u00e9 tout le luxe des cigares Davidoff dans un format mini cigarillo. C&rsquo;est le cigare de taille parfaite pour les jours o\u00f9 vous manquez de temps mais souhaitez toujours profiter d&rsquo;une fum\u00e9e de qualit\u00e9. Con\u00e7us avec expertise avec des capes et des tripes Sumatra d&rsquo;Indon\u00e9sie, du Br\u00e9sil et de la R\u00e9publique dominicaine, ces mini cigarillos roul\u00e9s \u00e0 la main sont l\u00e9gers \u00e0 mi-cors\u00e9s et pleins de saveurs. Les Davidoff Mini Cigarillos Gold sont la s\u00e9lection parfaite en d\u00e9placement sans l\u00e9siner sur la m\u00eame sophistication que vous connaissez et aimez des cigares Davidoff. Profitez de 15 minutes de pur luxe avec ce cigarillo moyennement cors\u00e9. Ils sont s\u00fbrs de donner \u00e0 tout fumeur une saveur cr\u00e9meuse, ainsi qu&rsquo;une fum\u00e9e aromatique. Cette fum\u00e9e bien \u00e9quilibr\u00e9e offre un go\u00fbt qui pla\u00eet aux palettes des amateurs novices ainsi qu&rsquo;aux amateurs de cigares chevronn\u00e9s. Il est prouv\u00e9 que la saveur pleine et harmonieuse de ces mini cigarillos offre une exp\u00e9rience de fumage exquise \u00e0 tout aficionado. Lorsque vous avez besoin d&rsquo;une pause apr\u00e8s une journ\u00e9e stressante ou que vous souhaitez simplement fumer rapidement avec des amis, choisissez les Davidoff Mini Cigarillos Gold et d\u00e9tendez-vous correctement.<\/p>","protected":false},"excerpt":{"rendered":"<p>\u8449\u5dfb10\u672c\u5165\u308a10\u7bb1\u3002.<\/p>","protected":false},"featured_media":61161,"template":"","meta":{"_acf_changed":false},"product_brand":[],"product_cat":[19809,19812,20353,19835,39879],"product_tag":[],"class_list":{"0":"post-61164","1":"product","2":"type-product","3":"status-publish","4":"has-post-thumbnail","6":"product_cat-cigares","7":"product_cat-cigares-dominicains","8":"product_cat-cigares-mini-club","9":"product_cat-davidoff","10":"product_cat-davidoff-cigarillos","11":"product_shipping_class-cigares","13":"first","14":"instock","15":"taxable","16":"shipping-taxable","17":"purchasable","18":"product-type-simple"},"acf":[],"_links":{"self":[{"href":"https:\/\/cigarquality.com\/ja\/wp-json\/wp\/v2\/product\/61164","targetHints":{"allow":["GET"]}}],"collection":[{"href":"https:\/\/cigarquality.com\/ja\/wp-json\/wp\/v2\/product"}],"about":[{"href":"https:\/\/cigarquality.com\/ja\/wp-json\/wp\/v2\/types\/product"}],"wp:featuredmedia":[{"embeddable":true,"href":"https:\/\/cigarquality.com\/ja\/wp-json\/wp\/v2\/media\/61161"}],"wp:attachment":[{"href":"https:\/\/cigarquality.com\/ja\/wp-json\/wp\/v2\/media?parent=61164"}],"wp:term":[{"taxonomy":"product_brand","embeddable":true,"href":"https:\/\/cigarquality.com\/ja\/wp-json\/wp\/v2\/product_brand?post=61164"},{"taxonomy":"product_cat","embeddable":true,"href":"https:\/\/cigarquality.com\/ja\/wp-json\/wp\/v2\/product_cat?post=61164"},{"taxonomy":"product_tag","embeddable":true,"href":"https:\/\/cigarquality.com\/ja\/wp-json\/wp\/v2\/product_tag?post=61164"}],"curies":[{"name":"wp","href":"https:\/\/api.w.org\/{rel}","templated":true}]}}