{"id":61109,"date":"2022-05-02T15:04:37","date_gmt":"2022-05-02T14:04:37","guid":{"rendered":"https:\/\/cigarquality.com\/?post_type=product&#038;p=61109"},"modified":"2026-03-31T10:49:58","modified_gmt":"2026-03-31T08:49:58","slug":"davidoff-club-cigarillos-5x10","status":"publish","type":"product","link":"https:\/\/cigarquality.com\/ja\/boutique\/cigares-dominicains\/davidoff\/davidoff-cigarillos\/davidoff-club-cigarillos-5x10\/","title":{"rendered":"Davidoff Club Cigarillos (5&#215;10)"},"content":{"rendered":"<p>Le Davidoff Club Cigarillos est constitu\u00e9 d\u2019un m\u00e9lange des meilleurs tabacs provenant de l\u2019Indon\u00e9sie, du Br\u00e9sil et des Cara\u00efbes. Ces tabacs sont au total au nombre de 5 et ressortent chacun leur qualit\u00e9 lorsque vous fumez le cigare. L\u2019ensemble est roul\u00e9 dans une cape de Sumatra qui conf\u00e8re \u00e0 ce cigare son \u00e9l\u00e9gance. Le r\u00e9sultat de cette combinaison est un produit donnant d\u2019excellentes saveurs, bien aromatis\u00e9 et ayant une apparence agr\u00e9able. Il appartient au module Cigarillo pour une longueur \u00e9gale \u00e0 100 mm et un diam\u00e8tre de 9 mm. Sa taille de bague est \u00e9gale \u00e0 22 et le temps de sa d\u00e9gustation se situe dans les environs de 7 minutes. Les diff\u00e9rents tabacs qui composent le cigarillo\u00a0Davidoff\u00a0Club ont \u00e9t\u00e9 s\u00e9lectionn\u00e9es et assembl\u00e9s pour exprimer au mieux leur richesse aromatique et gustative. C\u2019est \u00e0 la qualit\u00e9 de ce m\u00e9lange que ce cigare doit son go\u00fbt parfaitement \u00e9quilibr\u00e9 et particulier. Vu de l\u2019ext\u00e9rieur, il est en m\u00eame temps lisse et doux. Cette douceur se sent aussi bien au toucher qu\u2019au niveau de l\u2019ar\u00f4me de torr\u00e9faction que vous pouvez noter en r\u00e9tro-olfaction lors de sa d\u00e9gustation. La fum\u00e9e de ce cigarillo est dense, douce et pr\u00e9sente une fin de bouche expressive.<\/p>","protected":false},"excerpt":{"rendered":"<p>5 bo\u00eetes de 10 cigares.<\/p>","protected":false},"featured_media":61107,"template":"","meta":{"_acf_changed":false},"product_brand":[],"product_cat":[19809,19812,20353,19835,39879],"product_tag":[],"class_list":{"0":"post-61109","1":"product","2":"type-product","3":"status-publish","4":"has-post-thumbnail","6":"product_cat-cigares","7":"product_cat-cigares-dominicains","8":"product_cat-cigares-mini-club","9":"product_cat-davidoff","10":"product_cat-davidoff-cigarillos","11":"product_shipping_class-cigares","13":"first","14":"instock","15":"sale","16":"taxable","17":"shipping-taxable","18":"purchasable","19":"product-type-simple"},"acf":[],"_links":{"self":[{"href":"https:\/\/cigarquality.com\/ja\/wp-json\/wp\/v2\/product\/61109","targetHints":{"allow":["GET"]}}],"collection":[{"href":"https:\/\/cigarquality.com\/ja\/wp-json\/wp\/v2\/product"}],"about":[{"href":"https:\/\/cigarquality.com\/ja\/wp-json\/wp\/v2\/types\/product"}],"wp:featuredmedia":[{"embeddable":true,"href":"https:\/\/cigarquality.com\/ja\/wp-json\/wp\/v2\/media\/61107"}],"wp:attachment":[{"href":"https:\/\/cigarquality.com\/ja\/wp-json\/wp\/v2\/media?parent=61109"}],"wp:term":[{"taxonomy":"product_brand","embeddable":true,"href":"https:\/\/cigarquality.com\/ja\/wp-json\/wp\/v2\/product_brand?post=61109"},{"taxonomy":"product_cat","embeddable":true,"href":"https:\/\/cigarquality.com\/ja\/wp-json\/wp\/v2\/product_cat?post=61109"},{"taxonomy":"product_tag","embeddable":true,"href":"https:\/\/cigarquality.com\/ja\/wp-json\/wp\/v2\/product_tag?post=61109"}],"curies":[{"name":"wp","href":"https:\/\/api.w.org\/{rel}","templated":true}]}}