{"id":61106,"date":"2022-05-02T16:04:34","date_gmt":"2022-05-02T14:04:34","guid":{"rendered":"https:\/\/cigarquality.com\/?post_type=product&#038;p=61106"},"modified":"2025-07-25T13:32:13","modified_gmt":"2025-07-25T11:32:13","slug":"davidoff-etui-a-cigares-cuir-noir-xl-3-leaf","status":"publish","type":"product","link":"https:\/\/cigarquality.com\/ja\/boutique\/accessoires-cigares\/etuis-a-cigares\/davidoff-etuis-a-cigares\/davidoff-etui-a-cigares-cuir-noir-xl-3-leaf\/","title":{"rendered":"\u00c9tui 3 cigares Davidoff Cuir Noir XL-3 Leaf"},"content":{"rendered":"<p><strong>Davidoff \u00c9tui \u00e0 cigares Cuir Noir XL-3 Leaf<\/strong> pour 3 cigares. <strong>Impression au laser du motif symbolique :<\/strong> La feuille (leaf). Fabriqu\u00e9 en Espagne avec du cuir de vachette doux et souple exclusivement s\u00e9lectionn\u00e9 par Davidoff.<br \/>\nPoss\u00e8de une technique innovante marqu\u00e9e au laser, permettant la cr\u00e9ation de motifs uniques et sp\u00e9cifiques.<\/p>","protected":false},"excerpt":{"rendered":"<p>\u8449\u5dfb3\u672c\u7528\u30b1\u30fc\u30b9\u3002.<\/p>","protected":false},"featured_media":61104,"template":"","meta":{"_acf_changed":false},"product_brand":[],"product_cat":[21754,35469,22735],"product_tag":[],"class_list":{"0":"post-61106","1":"product","2":"type-product","3":"status-publish","4":"has-post-thumbnail","6":"product_cat-accessoires-cigares","7":"product_cat-davidoff-etuis-a-cigares","8":"product_cat-etuis-a-cigares","9":"product_shipping_class-divers","11":"first","12":"instock","13":"taxable","14":"shipping-taxable","15":"purchasable","16":"product-type-simple"},"acf":[],"_links":{"self":[{"href":"https:\/\/cigarquality.com\/ja\/wp-json\/wp\/v2\/product\/61106","targetHints":{"allow":["GET"]}}],"collection":[{"href":"https:\/\/cigarquality.com\/ja\/wp-json\/wp\/v2\/product"}],"about":[{"href":"https:\/\/cigarquality.com\/ja\/wp-json\/wp\/v2\/types\/product"}],"wp:featuredmedia":[{"embeddable":true,"href":"https:\/\/cigarquality.com\/ja\/wp-json\/wp\/v2\/media\/61104"}],"wp:attachment":[{"href":"https:\/\/cigarquality.com\/ja\/wp-json\/wp\/v2\/media?parent=61106"}],"wp:term":[{"taxonomy":"product_brand","embeddable":true,"href":"https:\/\/cigarquality.com\/ja\/wp-json\/wp\/v2\/product_brand?post=61106"},{"taxonomy":"product_cat","embeddable":true,"href":"https:\/\/cigarquality.com\/ja\/wp-json\/wp\/v2\/product_cat?post=61106"},{"taxonomy":"product_tag","embeddable":true,"href":"https:\/\/cigarquality.com\/ja\/wp-json\/wp\/v2\/product_tag?post=61106"}],"curies":[{"name":"wp","href":"https:\/\/api.w.org\/{rel}","templated":true}]}}