{"id":61080,"date":"2022-05-02T16:04:09","date_gmt":"2022-05-02T14:04:09","guid":{"rendered":"https:\/\/cigarquality.com\/?post_type=product&#038;p=61080"},"modified":"2025-07-25T13:57:38","modified_gmt":"2025-07-25T11:57:38","slug":"davidoff-etui-a-cigares-winston-churchill-traveler","status":"publish","type":"product","link":"https:\/\/cigarquality.com\/ja\/boutique\/accessoires-cigares\/etuis-a-cigares\/davidoff-etuis-a-cigares\/davidoff-etui-a-cigares-winston-churchill-traveler\/","title":{"rendered":"\u00c9tui 2 cigares Davidoff Winston Churchill Traveler"},"content":{"rendered":"<p>Winston \u00e9tait un vagabond. Un explorateur. Un voyageur, Il a compris la joie de voyager et que le plaisir ultime de voyager est l&rsquo;exp\u00e9rience qu&rsquo;il vous apporte. Les \u00e9tuis sont marqu\u00e9s au laser avec certains des emplacements cl\u00e9s qui ont marqu\u00e9 le chemin de Winston Churchill. Chaque signe est le souvenir d&rsquo;un lieu ch\u00e9ri.<\/p>\n<p><strong>Bague de cigare maximum :<\/strong> 60&Prime;<\/p>","protected":false},"excerpt":{"rendered":"<p>\u8449\u5dfb2\u672c\u7528\u30b1\u30fc\u30b9\u3002.<\/p>","protected":false},"featured_media":61078,"template":"","meta":{"_acf_changed":false},"product_brand":[],"product_cat":[21754,35469,22735],"product_tag":[],"class_list":{"0":"post-61080","1":"product","2":"type-product","3":"status-publish","4":"has-post-thumbnail","6":"product_cat-accessoires-cigares","7":"product_cat-davidoff-etuis-a-cigares","8":"product_cat-etuis-a-cigares","9":"product_shipping_class-divers","11":"first","12":"outofstock","13":"taxable","14":"shipping-taxable","15":"purchasable","16":"product-type-simple"},"acf":[],"_links":{"self":[{"href":"https:\/\/cigarquality.com\/ja\/wp-json\/wp\/v2\/product\/61080","targetHints":{"allow":["GET"]}}],"collection":[{"href":"https:\/\/cigarquality.com\/ja\/wp-json\/wp\/v2\/product"}],"about":[{"href":"https:\/\/cigarquality.com\/ja\/wp-json\/wp\/v2\/types\/product"}],"wp:featuredmedia":[{"embeddable":true,"href":"https:\/\/cigarquality.com\/ja\/wp-json\/wp\/v2\/media\/61078"}],"wp:attachment":[{"href":"https:\/\/cigarquality.com\/ja\/wp-json\/wp\/v2\/media?parent=61080"}],"wp:term":[{"taxonomy":"product_brand","embeddable":true,"href":"https:\/\/cigarquality.com\/ja\/wp-json\/wp\/v2\/product_brand?post=61080"},{"taxonomy":"product_cat","embeddable":true,"href":"https:\/\/cigarquality.com\/ja\/wp-json\/wp\/v2\/product_cat?post=61080"},{"taxonomy":"product_tag","embeddable":true,"href":"https:\/\/cigarquality.com\/ja\/wp-json\/wp\/v2\/product_tag?post=61080"}],"curies":[{"name":"wp","href":"https:\/\/api.w.org\/{rel}","templated":true}]}}