{"id":61049,"date":"2022-05-02T16:03:38","date_gmt":"2022-05-02T14:03:38","guid":{"rendered":"https:\/\/cigarquality.com\/?post_type=product&#038;p=61049"},"modified":"2025-07-25T13:57:09","modified_gmt":"2025-07-25T11:57:09","slug":"davidoff-etui-a-cigares-cuir-noir-xl-3-enjoy","status":"publish","type":"product","link":"https:\/\/cigarquality.com\/ja\/boutique\/accessoires-cigares\/etuis-a-cigares\/davidoff-etuis-a-cigares\/davidoff-etui-a-cigares-cuir-noir-xl-3-enjoy\/","title":{"rendered":"\u00c9tui 3 cigares Davidoff Cuir Noir XL-3 Enjoy"},"content":{"rendered":"<p><strong>Davidoff \u00c9tui \u00e0 cigares Cuir Noir XL-3 Enjoy<\/strong> pour 3 cigares. L&rsquo;inspiration pour la nouvelle collection de cigares vient de notre domaine &#8211; <strong>la culture du tabac.<\/strong> De la culture de la feuille de tabac &#8211; verte, riche et pleine de vie &#8211; au s\u00e9chage, qui leur donne leur go\u00fbt unique.\u00a0Le traitement de la feuille de tabac a \u00e9t\u00e9 mis en \u0153uvre en trois mod\u00e8les diff\u00e9rents, qui sont soigneusement grav\u00e9s au laser sur le cuir des \u00e9tuis \u00e0 cigares.\u00a0Les \u00e9tuis \u00e0 cigares Davidoff prot\u00e8gent vos cigares pr\u00e9f\u00e9r\u00e9s lorsqu&rsquo;ils sont en d\u00e9placement.\u00a0O\u00f9 que vous alliez, vos cigares arrivent toujours en parfait \u00e9tat.<\/p>","protected":false},"excerpt":{"rendered":"<p>\u8449\u5dfb3\u672c\u7528\u30b1\u30fc\u30b9\u3002.<\/p>","protected":false},"featured_media":61047,"template":"","meta":{"_acf_changed":false},"product_brand":[],"product_cat":[21754,35469,22735],"product_tag":[],"class_list":{"0":"post-61049","1":"product","2":"type-product","3":"status-publish","4":"has-post-thumbnail","6":"product_cat-accessoires-cigares","7":"product_cat-davidoff-etuis-a-cigares","8":"product_cat-etuis-a-cigares","9":"product_shipping_class-divers","11":"first","12":"instock","13":"taxable","14":"shipping-taxable","15":"purchasable","16":"product-type-simple"},"acf":[],"_links":{"self":[{"href":"https:\/\/cigarquality.com\/ja\/wp-json\/wp\/v2\/product\/61049","targetHints":{"allow":["GET"]}}],"collection":[{"href":"https:\/\/cigarquality.com\/ja\/wp-json\/wp\/v2\/product"}],"about":[{"href":"https:\/\/cigarquality.com\/ja\/wp-json\/wp\/v2\/types\/product"}],"wp:featuredmedia":[{"embeddable":true,"href":"https:\/\/cigarquality.com\/ja\/wp-json\/wp\/v2\/media\/61047"}],"wp:attachment":[{"href":"https:\/\/cigarquality.com\/ja\/wp-json\/wp\/v2\/media?parent=61049"}],"wp:term":[{"taxonomy":"product_brand","embeddable":true,"href":"https:\/\/cigarquality.com\/ja\/wp-json\/wp\/v2\/product_brand?post=61049"},{"taxonomy":"product_cat","embeddable":true,"href":"https:\/\/cigarquality.com\/ja\/wp-json\/wp\/v2\/product_cat?post=61049"},{"taxonomy":"product_tag","embeddable":true,"href":"https:\/\/cigarquality.com\/ja\/wp-json\/wp\/v2\/product_tag?post=61049"}],"curies":[{"name":"wp","href":"https:\/\/api.w.org\/{rel}","templated":true}]}}