{"id":61046,"date":"2022-05-02T16:03:34","date_gmt":"2022-05-02T14:03:34","guid":{"rendered":"https:\/\/cigarquality.com\/?post_type=product&#038;p=61046"},"modified":"2025-07-25T13:57:19","modified_gmt":"2025-07-25T11:57:19","slug":"davidoff-etui-a-cigares-cuir-brun-r-2-curing","status":"publish","type":"product","link":"https:\/\/cigarquality.com\/ja\/boutique\/accessoires-cigares\/etuis-a-cigares\/davidoff-etuis-a-cigares\/davidoff-etui-a-cigares-cuir-brun-r-2-curing\/","title":{"rendered":"\u00c9tui 2 cigares Davidoff Cuir Brun R-2 Curing"},"content":{"rendered":"<p><strong>Davidoff \u00c9tui \u00e0 cigares Cuir Brun R-2 Curing<\/strong> pour 2 cigares. L\u2019inspiration pour la nouvelle collection de cigares vient de notre domaine \u2013\u00a0<strong>la culture du tabac.<\/strong>\u00a0De la culture de la feuille de tabac \u2013 verte, riche et pleine de vie \u2013 au s\u00e9chage, qui leur donne leur go\u00fbt unique.\u00a0Le traitement de la feuille de tabac a \u00e9t\u00e9 mis en \u0153uvre en trois mod\u00e8les diff\u00e9rents, qui sont soigneusement grav\u00e9s au laser sur le cuir des \u00e9tuis \u00e0 cigares.\u00a0Les \u00e9tuis \u00e0 cigares Davidoff prot\u00e8gent vos cigares pr\u00e9f\u00e9r\u00e9s lorsqu\u2019ils sont en d\u00e9placement.\u00a0O\u00f9 que vous alliez, vos cigares arrivent toujours en parfait \u00e9tat.<\/p>","protected":false},"excerpt":{"rendered":"<p>\u8449\u5dfb2\u672c\u7528\u30b1\u30fc\u30b9\u3002.<\/p>","protected":false},"featured_media":61044,"template":"","meta":{"_acf_changed":false},"product_brand":[],"product_cat":[21754,35469,22735],"product_tag":[],"class_list":{"0":"post-61046","1":"product","2":"type-product","3":"status-publish","4":"has-post-thumbnail","6":"product_cat-accessoires-cigares","7":"product_cat-davidoff-etuis-a-cigares","8":"product_cat-etuis-a-cigares","9":"product_shipping_class-divers","11":"first","12":"outofstock","13":"taxable","14":"shipping-taxable","15":"purchasable","16":"product-type-simple"},"acf":[],"_links":{"self":[{"href":"https:\/\/cigarquality.com\/ja\/wp-json\/wp\/v2\/product\/61046","targetHints":{"allow":["GET"]}}],"collection":[{"href":"https:\/\/cigarquality.com\/ja\/wp-json\/wp\/v2\/product"}],"about":[{"href":"https:\/\/cigarquality.com\/ja\/wp-json\/wp\/v2\/types\/product"}],"wp:featuredmedia":[{"embeddable":true,"href":"https:\/\/cigarquality.com\/ja\/wp-json\/wp\/v2\/media\/61044"}],"wp:attachment":[{"href":"https:\/\/cigarquality.com\/ja\/wp-json\/wp\/v2\/media?parent=61046"}],"wp:term":[{"taxonomy":"product_brand","embeddable":true,"href":"https:\/\/cigarquality.com\/ja\/wp-json\/wp\/v2\/product_brand?post=61046"},{"taxonomy":"product_cat","embeddable":true,"href":"https:\/\/cigarquality.com\/ja\/wp-json\/wp\/v2\/product_cat?post=61046"},{"taxonomy":"product_tag","embeddable":true,"href":"https:\/\/cigarquality.com\/ja\/wp-json\/wp\/v2\/product_tag?post=61046"}],"curies":[{"name":"wp","href":"https:\/\/api.w.org\/{rel}","templated":true}]}}