{"id":60950,"date":"2022-05-02T15:58:33","date_gmt":"2022-05-02T13:58:33","guid":{"rendered":"https:\/\/cigarquality.com\/?post_type=product&#038;p=60950"},"modified":"2025-12-20T20:09:04","modified_gmt":"2025-12-20T19:09:04","slug":"cognac-louis-xiii-remy-martin-carafe-miniature-40-5cl","status":"publish","type":"product","link":"https:\/\/cigarquality.com\/ja\/boutique\/alcools\/cognac\/remy-martin\/louis-xiii\/cognac-louis-xiii-remy-martin-carafe-miniature-40-5cl\/","title":{"rendered":"\u30b3\u30cb\u30e3\u30c3\u30af \u30eb\u30a413\u4e16 \u30ec\u30df\u30fc\u30de\u30eb\u30bf\u30f3 \u30df\u30cb\u30c1\u30e5\u30a2\u30c7\u30ab\u30f3\u30bf 40% 5cl"},"content":{"rendered":"<div class=\"texte\">\n<p>L&rsquo;unique carafe de collection LOUIS XIII la Miniature (5 cl) est une parfaite introduction \u00e0 l&rsquo;exp\u00e9rience du cognac LOUIS XIII, contenant l&rsquo;\u0153uvre de toute une vie de g\u00e9n\u00e9rations de nos Ma\u00eetres de Chai.<\/p>\n<div class=\"push-title\">\n<h3 class=\"headline4\">LOUIS XIII La Miniature, 5cl<\/h3>\n<\/div>\n<div class=\"push-short-introduction\">\n<p>Le cognac LOUIS XIII contient un assemblage unique des eaux-de-vie les plus anciennes et les plus pr\u00e9cieuses issues de raisins cultiv\u00e9s en Grande Champagne.\u00a0Ce liquide fougueux et incolore est vers\u00e9 dans des f\u00fbts de ch\u00eane du Limousin centenaires pour m\u00fbrir au fil des ann\u00e9es.<\/p>\n<p>Depuis 1874, nos Ma\u00eetres de Chai ont r\u00e9serv\u00e9 les meilleures eaux-de-vie de Grande Champagne pour que leur successeur puisse les utiliser \u00e0 l&rsquo;avenir.\u00a0Dans le m\u00eame temps, notre ma\u00eetre de chai utilisera son intuition artistique et son savoir-faire pour s\u00e9lectionner \u00e0 la main diff\u00e9rentes combinaisons d&rsquo;eaux-de-vie vieillies mises de c\u00f4t\u00e9 par leurs pr\u00e9d\u00e9cesseurs pour les assembler de mani\u00e8re \u00e0 conserver le go\u00fbt et les ar\u00f4mes du cognac LOUIS XIII dans le temps.<\/p>\n<div class=\"push-title\">\n<h3 class=\"headline4\">La carafe miniature<\/h3>\n<\/div>\n<div class=\"push-short-introduction\">\n<p>Notre LOUIS XIII Miniature a re\u00e7u le m\u00eame souci du d\u00e9tail que toutes les carafes de la Collection Iconique.\u00a0Chacun est fabriqu\u00e9 par les meilleurs artisans du cristal d&rsquo;Europe et tient dans la paume de votre main.\u00a0Le design, avec sa forme distinctive et son motif de fleur de lys, est inspir\u00e9 d&rsquo;un flacon du XVIe si\u00e8cle d\u00e9couvert sur le champ de bataille de Jarnac, en France.\u00a0Notre fondateur Paul-\u00c9mile R\u00e9my Martin a pris le flacon comme base de notre carafe d\u00e9sormais mondialement connue.<\/p>\n<div class=\"push-title\">\n<h3 class=\"headline4\">Le coffret<\/h3>\n<\/div>\n<div class=\"push-short-introduction\">\n<p>La d\u00e9licate petite carafe de LOUIS XIII la Miniature est pr\u00e9sent\u00e9e dans un coffret sp\u00e9cial rouge tel un bijou pr\u00e9cieux.\u00a0Tout comme une bo\u00eete \u00e0 bijoux ancienne a autant d&rsquo;importance que le tr\u00e9sor qui s&rsquo;y trouve.\u00a0Le coffret d\u00e9voile la carafe LOUIS XIII Miniature, avec son bouchon fleur de lys et son col iconique en or 20 carats, dans toute sa beaut\u00e9.<\/p>\n<\/div>\n<\/div>\n<\/div>\n<\/div>","protected":false},"excerpt":{"rendered":"<p>5cl\u30dc\u30c8\u30eb\u3002.<\/p>","protected":false},"featured_media":60947,"template":"","meta":{"_acf_changed":false},"product_brand":[],"product_cat":[21852,40043,40073,40072],"product_tag":[],"class_list":{"0":"post-60950","1":"product","2":"type-product","3":"status-publish","4":"has-post-thumbnail","6":"product_cat-alcools","7":"product_cat-cognac","8":"product_cat-louis-xiii","9":"product_cat-remy-martin","10":"product_shipping_class-alcool","12":"first","13":"instock","14":"taxable","15":"shipping-taxable","16":"purchasable","17":"product-type-simple"},"acf":[],"_links":{"self":[{"href":"https:\/\/cigarquality.com\/ja\/wp-json\/wp\/v2\/product\/60950","targetHints":{"allow":["GET"]}}],"collection":[{"href":"https:\/\/cigarquality.com\/ja\/wp-json\/wp\/v2\/product"}],"about":[{"href":"https:\/\/cigarquality.com\/ja\/wp-json\/wp\/v2\/types\/product"}],"wp:featuredmedia":[{"embeddable":true,"href":"https:\/\/cigarquality.com\/ja\/wp-json\/wp\/v2\/media\/60947"}],"wp:attachment":[{"href":"https:\/\/cigarquality.com\/ja\/wp-json\/wp\/v2\/media?parent=60950"}],"wp:term":[{"taxonomy":"product_brand","embeddable":true,"href":"https:\/\/cigarquality.com\/ja\/wp-json\/wp\/v2\/product_brand?post=60950"},{"taxonomy":"product_cat","embeddable":true,"href":"https:\/\/cigarquality.com\/ja\/wp-json\/wp\/v2\/product_cat?post=60950"},{"taxonomy":"product_tag","embeddable":true,"href":"https:\/\/cigarquality.com\/ja\/wp-json\/wp\/v2\/product_tag?post=60950"}],"curies":[{"name":"wp","href":"https:\/\/api.w.org\/{rel}","templated":true}]}}