{"id":60942,"date":"2022-05-02T14:58:28","date_gmt":"2022-05-02T13:58:28","guid":{"rendered":"https:\/\/cigarquality.com\/?post_type=product&#038;p=60942"},"modified":"2025-10-20T18:26:48","modified_gmt":"2025-10-20T16:26:48","slug":"cognac-grosperrin-grande-champagne-no-24-42-8-70cl","status":"publish","type":"product","link":"https:\/\/cigarquality.com\/ja\/boutique\/alcools\/cognac\/grosperrin\/cognac-grosperrin-grande-champagne-no-24-42-8-70cl\/","title":{"rendered":"Cognac Grosperrin Grande Champagne No. 24 42.8% 70cl"},"content":{"rendered":"<div class=\"texte\">\n<p>C\u2018est la veuve d\u2018un ancien courtier aujourd\u2019hui d\u00e9c\u00e9d\u00e9 qui a vendu \u00e0 Jean ces tr\u00e8s vieilles Grande Champagne. Son mari, qui exer\u00e7ait encore il y a une trentaine d\u2018ann\u00e9es, avait la r\u00e9putation d\u2018\u00eatre tenace. De cette mani\u00e8re, il avait acquit des stocks de Cognacs qu\u2018il achetait dans son village et les environs puis qu\u2018il revendait ensuite aux n\u00e9gociants.<\/p>\n<p>Sa passion portait sur les Cognacs anciens qu\u2018il accumulait, barrique apr\u00e8s barrique, tels des tr\u00e9sors. Il ne permettait m\u00eame pas \u00e0 sa femme, institutrice, ni m\u00eame \u00e0 ses enfants, jeunes puis devenus adultes, de p\u00e9n\u00e9trer dans ce sanctuaire dont il gardait jalousement la clef. Ce n\u2018est qu\u2019au stade ultime de sa vie, d\u00e9truit par la maladie, quand son fils d\u00fb prendre la situation en main, que ses proches d\u00e9couvrirent ce qu\u2018il avait accumul\u00e9 depuis tant d\u2018ann\u00e9es.<\/p>\n<p>Dans un chai qui \u00e9tait autrefois une grange ou il avait fait mettre d\u2018\u00e9paisses portes m\u00e9talliques se trouvaient environ une quinzaine de tonneaux et quelques f\u00fbts. Dans ces tonneaux recouverts chacun d\u2018une b\u00e2che plastique noir pour limiter la co\u00fbteuse \u00ab part des anges \u00bb se trouvaient des lots de tr\u00e8s vieux Cognacs de Grande Champagne. Chaque tonneau portait des inscriptions avec l\u2018origine du produit, la quantit\u00e9 achet\u00e9e, le degr\u00e9, le volume et l\u2018ann\u00e9e de la r\u00e9colte. Mais d\u2018archives, aucune\u00a0! C\u2018est \u00e0 partir de ce moment que son \u00e9pouse a pu profiter du commerce des eaux-de-vie.<\/p>\n<\/div>","protected":false},"excerpt":{"rendered":"<p>70cl\u30dc\u30c8\u30eb\u3002.<\/p>","protected":false},"featured_media":60941,"template":"","meta":{"_acf_changed":false},"product_brand":[],"product_cat":[21852,40043,40071],"product_tag":[],"class_list":{"0":"post-60942","1":"product","2":"type-product","3":"status-publish","4":"has-post-thumbnail","6":"product_cat-alcools","7":"product_cat-cognac","8":"product_cat-grosperrin","9":"product_shipping_class-alcool","11":"first","12":"instock","13":"taxable","14":"shipping-taxable","15":"purchasable","16":"product-type-simple"},"acf":[],"_links":{"self":[{"href":"https:\/\/cigarquality.com\/ja\/wp-json\/wp\/v2\/product\/60942","targetHints":{"allow":["GET"]}}],"collection":[{"href":"https:\/\/cigarquality.com\/ja\/wp-json\/wp\/v2\/product"}],"about":[{"href":"https:\/\/cigarquality.com\/ja\/wp-json\/wp\/v2\/types\/product"}],"wp:featuredmedia":[{"embeddable":true,"href":"https:\/\/cigarquality.com\/ja\/wp-json\/wp\/v2\/media\/60941"}],"wp:attachment":[{"href":"https:\/\/cigarquality.com\/ja\/wp-json\/wp\/v2\/media?parent=60942"}],"wp:term":[{"taxonomy":"product_brand","embeddable":true,"href":"https:\/\/cigarquality.com\/ja\/wp-json\/wp\/v2\/product_brand?post=60942"},{"taxonomy":"product_cat","embeddable":true,"href":"https:\/\/cigarquality.com\/ja\/wp-json\/wp\/v2\/product_cat?post=60942"},{"taxonomy":"product_tag","embeddable":true,"href":"https:\/\/cigarquality.com\/ja\/wp-json\/wp\/v2\/product_tag?post=60942"}],"curies":[{"name":"wp","href":"https:\/\/api.w.org\/{rel}","templated":true}]}}