{"id":60787,"date":"2022-05-02T14:40:28","date_gmt":"2022-05-02T13:40:28","guid":{"rendered":"https:\/\/cigarquality.com\/?post_type=product&#038;p=60787"},"modified":"2026-02-23T13:58:09","modified_gmt":"2026-02-23T12:58:09","slug":"cendrier-myon-gris-en-metal","status":"publish","type":"product","link":"https:\/\/cigarquality.com\/ja\/boutique\/accessoires-cigares\/cendriers\/myon-cendriers\/cendrier-myon-gris-en-metal\/","title":{"rendered":"Cendrier Myon Gris en m\u00e9tal"},"content":{"rendered":"<p>Le cendrier Myon est un tr\u00e8s beau cendrier dot\u00e9 de 2 repose-cigares. Belle finition gris m\u00e9tal.<\/p>\n<p>Dessous en feutrine. Livr\u00e9 dans un bel \u00e9crin pr\u00eat \u00e0 offrir !<\/p>\n<p><strong>Cendrier \u00e0 cigares<\/strong><br \/>\n<strong>Mati\u00e8re :<\/strong> m\u00e9tal<br \/>\n<strong>Dimensions :<\/strong> 19.5 x 9 x 2.8 cm<\/p>","protected":false},"excerpt":{"rendered":"<p>\u8449\u5dfb2\u672c\u7528\u7070\u76bf\u3002.<\/p>","protected":false},"featured_media":60786,"template":"","meta":{"_acf_changed":false},"product_brand":[],"product_cat":[21754,24348,39973],"product_tag":[],"class_list":{"0":"post-60787","1":"product","2":"type-product","3":"status-publish","4":"has-post-thumbnail","6":"product_cat-accessoires-cigares","7":"product_cat-cendriers","8":"product_cat-myon-cendriers","9":"product_shipping_class-divers","11":"first","12":"instock","13":"taxable","14":"shipping-taxable","15":"purchasable","16":"product-type-simple"},"acf":[],"_links":{"self":[{"href":"https:\/\/cigarquality.com\/ja\/wp-json\/wp\/v2\/product\/60787","targetHints":{"allow":["GET"]}}],"collection":[{"href":"https:\/\/cigarquality.com\/ja\/wp-json\/wp\/v2\/product"}],"about":[{"href":"https:\/\/cigarquality.com\/ja\/wp-json\/wp\/v2\/types\/product"}],"wp:featuredmedia":[{"embeddable":true,"href":"https:\/\/cigarquality.com\/ja\/wp-json\/wp\/v2\/media\/60786"}],"wp:attachment":[{"href":"https:\/\/cigarquality.com\/ja\/wp-json\/wp\/v2\/media?parent=60787"}],"wp:term":[{"taxonomy":"product_brand","embeddable":true,"href":"https:\/\/cigarquality.com\/ja\/wp-json\/wp\/v2\/product_brand?post=60787"},{"taxonomy":"product_cat","embeddable":true,"href":"https:\/\/cigarquality.com\/ja\/wp-json\/wp\/v2\/product_cat?post=60787"},{"taxonomy":"product_tag","embeddable":true,"href":"https:\/\/cigarquality.com\/ja\/wp-json\/wp\/v2\/product_tag?post=60787"}],"curies":[{"name":"wp","href":"https:\/\/api.w.org\/{rel}","templated":true}]}}