{"id":60777,"date":"2022-05-02T14:34:49","date_gmt":"2022-05-02T13:34:49","guid":{"rendered":"https:\/\/cigarquality.com\/?post_type=product&#038;p=60777"},"modified":"2026-02-23T13:58:10","modified_gmt":"2026-02-23T12:58:10","slug":"cendrier-myon-rouge-en-metal","status":"publish","type":"product","link":"https:\/\/cigarquality.com\/ja\/boutique\/accessoires-cigares\/cendriers\/myon-cendriers\/cendrier-myon-rouge-en-metal\/","title":{"rendered":"\u30ec\u30c3\u30c9\u30fb\u30de\u30a4\u30aa\u30f3\u30fb\u30e1\u30bf\u30eb\u7070\u76bf"},"content":{"rendered":"<p>Le cendrier Myon est un tr\u00e8s beau cendrier dot\u00e9 de 2 repose-cigares. Belle finition gris m\u00e9tal et rouge.<\/p>\n<p>\u88cf\u9762\u306f\u30d5\u30a7\u30eb\u30c8\u3002\u7f8e\u3057\u3044\u30ae\u30d5\u30c8\u30dc\u30c3\u30af\u30b9\u306b\u5165\u308c\u3066\u304a\u5c4a\u3051\u3057\u307e\u3059\uff01<\/p>\n<p><strong>\u8449\u5dfb\u7528\u7070\u76bf<\/strong><br \/>\n<strong>\u7d20\u6750\uff1a<\/strong> \u30e1\u30bf\u30eb<br \/>\n<strong>\u5bf8\u6cd5\uff1a<\/strong> 19.5 x 9 x 2.8 cm<\/p>","protected":false},"excerpt":{"rendered":"<p>\u8449\u5dfb2\u672c\u7528\u7070\u76bf\u3002.<\/p>","protected":false},"featured_media":60776,"template":"","meta":{"_acf_changed":false},"product_brand":[],"product_cat":[21754,24348,39973],"product_tag":[],"class_list":{"0":"post-60777","1":"product","2":"type-product","3":"status-publish","4":"has-post-thumbnail","6":"product_cat-accessoires-cigares","7":"product_cat-cendriers","8":"product_cat-myon-cendriers","9":"product_shipping_class-divers","11":"first","12":"instock","13":"taxable","14":"shipping-taxable","15":"purchasable","16":"product-type-simple"},"acf":[],"_links":{"self":[{"href":"https:\/\/cigarquality.com\/ja\/wp-json\/wp\/v2\/product\/60777","targetHints":{"allow":["GET"]}}],"collection":[{"href":"https:\/\/cigarquality.com\/ja\/wp-json\/wp\/v2\/product"}],"about":[{"href":"https:\/\/cigarquality.com\/ja\/wp-json\/wp\/v2\/types\/product"}],"wp:featuredmedia":[{"embeddable":true,"href":"https:\/\/cigarquality.com\/ja\/wp-json\/wp\/v2\/media\/60776"}],"wp:attachment":[{"href":"https:\/\/cigarquality.com\/ja\/wp-json\/wp\/v2\/media?parent=60777"}],"wp:term":[{"taxonomy":"product_brand","embeddable":true,"href":"https:\/\/cigarquality.com\/ja\/wp-json\/wp\/v2\/product_brand?post=60777"},{"taxonomy":"product_cat","embeddable":true,"href":"https:\/\/cigarquality.com\/ja\/wp-json\/wp\/v2\/product_cat?post=60777"},{"taxonomy":"product_tag","embeddable":true,"href":"https:\/\/cigarquality.com\/ja\/wp-json\/wp\/v2\/product_tag?post=60777"}],"curies":[{"name":"wp","href":"https:\/\/api.w.org\/{rel}","templated":true}]}}