{"id":60715,"date":"2022-05-02T14:31:37","date_gmt":"2022-05-02T13:31:37","guid":{"rendered":"https:\/\/cigarquality.com\/?post_type=product&#038;p=60715"},"modified":"2025-09-14T10:51:04","modified_gmt":"2025-09-14T08:51:04","slug":"chinchalero-novillo-20","status":"publish","type":"product","link":"https:\/\/cigarquality.com\/ja\/boutique\/cigares-nicaraguayens\/chinchalero\/chinchalero-novillo-20\/","title":{"rendered":"\u30c1\u30f3\u30c1\u30e3\u30ec\u30ed\u30fb\u30ce\u30d3\u30e8 (20)"},"content":{"rendered":"<p>Les cigares Chinchalero Novillo sont enti\u00e8rement roul\u00e9s \u00e0 la main au Nicaragua. Ils offrent un rapport qualit\u00e9-prix de premi\u00e8re classe, car en tant que cigares faits \u00e0 la main, ils sont fabriqu\u00e9s avec des emballages parfaits. Le profil de fum\u00e9e global de ces petits cigares excellents impressionne par un corps doux \u00e0 moyennement cors\u00e9.<\/p>\n<p>\u6749\u306e\u7bb1\u306f\u4fdd\u7ba1\u306b\u6700\u9069\u3002\u5c0f\u3076\u308a\u3067\u30de\u30a4\u30eb\u30c9\u306a\u8449\u5dfb\u3060\u304c\u3001\u9a5a\u304f\u307b\u3069\u30a2\u30ed\u30de\u30c6\u30a3\u30c3\u30af\u306a\u30dc\u30ea\u30e5\u30fc\u30e0\u304c\u3042\u308b\u3002.<\/p>\n<p>\u6240\u8981\u6642\u9593\uff1a20\uff5e30\u5206.<\/p>","protected":false},"excerpt":{"rendered":"<p>20\u672c\u5165\u308a\u3002.<\/p>","protected":false},"featured_media":60714,"template":"","meta":{"_acf_changed":false},"product_brand":[],"product_cat":[39865,19809,24833],"product_tag":[],"class_list":{"0":"post-60715","1":"product","2":"type-product","3":"status-publish","4":"has-post-thumbnail","6":"product_cat-chinchalero","7":"product_cat-cigares","8":"product_cat-cigares-nicaraguayens","9":"product_shipping_class-cigares","11":"first","12":"instock","13":"sale","14":"taxable","15":"shipping-taxable","16":"purchasable","17":"product-type-simple"},"acf":[],"_links":{"self":[{"href":"https:\/\/cigarquality.com\/ja\/wp-json\/wp\/v2\/product\/60715","targetHints":{"allow":["GET"]}}],"collection":[{"href":"https:\/\/cigarquality.com\/ja\/wp-json\/wp\/v2\/product"}],"about":[{"href":"https:\/\/cigarquality.com\/ja\/wp-json\/wp\/v2\/types\/product"}],"wp:featuredmedia":[{"embeddable":true,"href":"https:\/\/cigarquality.com\/ja\/wp-json\/wp\/v2\/media\/60714"}],"wp:attachment":[{"href":"https:\/\/cigarquality.com\/ja\/wp-json\/wp\/v2\/media?parent=60715"}],"wp:term":[{"taxonomy":"product_brand","embeddable":true,"href":"https:\/\/cigarquality.com\/ja\/wp-json\/wp\/v2\/product_brand?post=60715"},{"taxonomy":"product_cat","embeddable":true,"href":"https:\/\/cigarquality.com\/ja\/wp-json\/wp\/v2\/product_cat?post=60715"},{"taxonomy":"product_tag","embeddable":true,"href":"https:\/\/cigarquality.com\/ja\/wp-json\/wp\/v2\/product_tag?post=60715"}],"curies":[{"name":"wp","href":"https:\/\/api.w.org\/{rel}","templated":true}]}}