{"id":60682,"date":"2022-05-02T14:22:18","date_gmt":"2022-05-02T13:22:18","guid":{"rendered":"https:\/\/cigarquality.com\/?post_type=product&#038;p=60682"},"modified":"2025-07-25T13:34:33","modified_gmt":"2025-07-25T11:34:33","slug":"cao-brazilia-gol-robusto-20","status":"publish","type":"product","link":"https:\/\/cigarquality.com\/ja\/boutique\/cigares-nicaraguayens\/cao\/cao-brazilia-gol-robusto-20\/","title":{"rendered":"CAO \u30d6\u30e9\u30b8\u30ea\u30a2\u30fb\u30b4\u30eb\u30fb\u30ed\u30d6\u30b9\u30c8 (20)"},"content":{"rendered":"<p>Les amateurs de tabac br\u00e9silien en ont pour leur argent avec le CAO Brazilia Gol Robusto ! Des notes \u00e9pic\u00e9es de fruits sucr\u00e9s, du bois et une pinc\u00e9e de caf\u00e9 atteignent le palais du gourmet. Le cigare a l&rsquo;air \u00e9quilibr\u00e9 et il est de force moyenne, notamment en raison de sa grande bague de 55 (21.65 mm de diam\u00e9tre).<\/p>","protected":false},"excerpt":{"rendered":"<p>20\u672c\u5165\u308a\u3002.<\/p>","protected":false},"featured_media":60680,"template":"","meta":{"_acf_changed":false},"product_brand":[],"product_cat":[35506,19809,24833],"product_tag":[],"class_list":{"0":"post-60682","1":"product","2":"type-product","3":"status-publish","4":"has-post-thumbnail","6":"product_cat-cao","7":"product_cat-cigares","8":"product_cat-cigares-nicaraguayens","9":"product_shipping_class-cigares","11":"first","12":"outofstock","13":"sale","14":"taxable","15":"shipping-taxable","16":"purchasable","17":"product-type-simple"},"acf":[],"_links":{"self":[{"href":"https:\/\/cigarquality.com\/ja\/wp-json\/wp\/v2\/product\/60682","targetHints":{"allow":["GET"]}}],"collection":[{"href":"https:\/\/cigarquality.com\/ja\/wp-json\/wp\/v2\/product"}],"about":[{"href":"https:\/\/cigarquality.com\/ja\/wp-json\/wp\/v2\/types\/product"}],"wp:featuredmedia":[{"embeddable":true,"href":"https:\/\/cigarquality.com\/ja\/wp-json\/wp\/v2\/media\/60680"}],"wp:attachment":[{"href":"https:\/\/cigarquality.com\/ja\/wp-json\/wp\/v2\/media?parent=60682"}],"wp:term":[{"taxonomy":"product_brand","embeddable":true,"href":"https:\/\/cigarquality.com\/ja\/wp-json\/wp\/v2\/product_brand?post=60682"},{"taxonomy":"product_cat","embeddable":true,"href":"https:\/\/cigarquality.com\/ja\/wp-json\/wp\/v2\/product_cat?post=60682"},{"taxonomy":"product_tag","embeddable":true,"href":"https:\/\/cigarquality.com\/ja\/wp-json\/wp\/v2\/product_tag?post=60682"}],"curies":[{"name":"wp","href":"https:\/\/api.w.org\/{rel}","templated":true}]}}