{"id":60667,"date":"2022-05-02T14:22:08","date_gmt":"2022-05-02T13:22:08","guid":{"rendered":"https:\/\/cigarquality.com\/?post_type=product&#038;p=60667"},"modified":"2025-07-25T13:34:20","modified_gmt":"2025-07-25T11:34:20","slug":"cao-osa-lot-58-25","status":"publish","type":"product","link":"https:\/\/cigarquality.com\/ja\/boutique\/cigares-nicaraguayens\/cao\/cao-osa\/cao-osa-lot-58-25\/","title":{"rendered":"CAO OSA Lot 58 (25)"},"content":{"rendered":"<p>Le CAO OSA Lot 58 est un cigare qui a \u00e9t\u00e9 b\u00e9ni par les dieux de la nature. Sa cape, issue de la r\u00e9colte Olancho, San Agust\u00edn 2008, a \u00e9t\u00e9 cultiv\u00e9e avec la quantit\u00e9 parfaite de soleil et de pluie, lui donnant une saveur riche et terreuse, parfaitement compl\u00e9t\u00e9e par sa tripe nicaraguayenne et hondurienne et sa sous-cape Connecticut Broadleaf. Cigar Journal a nomm\u00e9 <strong>CAO OSA Sol parmi ses \u00abTop 25 Premium Cigars of 2011\u00bb<\/strong> et a d\u00e9cern\u00e9 \u00e0 la marque des troph\u00e9es Cigar Journal en 2012 et 2013.<\/p>","protected":false},"excerpt":{"rendered":"<p>\u8449\u5dfb25\u672c\u5165\u308a\u3002.<\/p>","protected":false},"featured_media":60665,"template":"","meta":{"_acf_changed":false},"product_brand":[],"product_cat":[35506,39858,19809,24833],"product_tag":[],"class_list":{"0":"post-60667","1":"product","2":"type-product","3":"status-publish","4":"has-post-thumbnail","6":"product_cat-cao","7":"product_cat-cao-osa","8":"product_cat-cigares","9":"product_cat-cigares-nicaraguayens","10":"product_shipping_class-cigares","12":"first","13":"instock","14":"sale","15":"taxable","16":"shipping-taxable","17":"purchasable","18":"product-type-simple"},"acf":[],"_links":{"self":[{"href":"https:\/\/cigarquality.com\/ja\/wp-json\/wp\/v2\/product\/60667","targetHints":{"allow":["GET"]}}],"collection":[{"href":"https:\/\/cigarquality.com\/ja\/wp-json\/wp\/v2\/product"}],"about":[{"href":"https:\/\/cigarquality.com\/ja\/wp-json\/wp\/v2\/types\/product"}],"wp:featuredmedia":[{"embeddable":true,"href":"https:\/\/cigarquality.com\/ja\/wp-json\/wp\/v2\/media\/60665"}],"wp:attachment":[{"href":"https:\/\/cigarquality.com\/ja\/wp-json\/wp\/v2\/media?parent=60667"}],"wp:term":[{"taxonomy":"product_brand","embeddable":true,"href":"https:\/\/cigarquality.com\/ja\/wp-json\/wp\/v2\/product_brand?post=60667"},{"taxonomy":"product_cat","embeddable":true,"href":"https:\/\/cigarquality.com\/ja\/wp-json\/wp\/v2\/product_cat?post=60667"},{"taxonomy":"product_tag","embeddable":true,"href":"https:\/\/cigarquality.com\/ja\/wp-json\/wp\/v2\/product_tag?post=60667"}],"curies":[{"name":"wp","href":"https:\/\/api.w.org\/{rel}","templated":true}]}}