{"id":60532,"date":"2022-05-02T13:09:48","date_gmt":"2022-05-02T12:09:48","guid":{"rendered":"https:\/\/cigarquality.com\/?post_type=product&#038;p=60532"},"modified":"2025-09-11T11:34:08","modified_gmt":"2025-09-11T09:34:08","slug":"caldwell-long-live-the-king-belicoso-24","status":"publish","type":"product","link":"https:\/\/cigarquality.com\/ja\/boutique\/cigares-dominicains\/caldwell\/caldwell-linea-long-live-the-king\/caldwell-long-live-the-king-belicoso-24\/","title":{"rendered":"\u30b3\u30fc\u30eb\u30c9\u30a6\u30a7\u30eb\u30fb\u30ed\u30f3\u30b0\u30fb\u30e9\u30a4\u30d6\u30fb\u30b6\u30fb\u30ad\u30f3\u30b0\u30fb\u30d9\u30ea\u30b3\u30bd (24)"},"content":{"rendered":"<p>Le Caldwell Long Live The King Belicoso est de fum\u00e9e tr\u00e8s intense et montre les diff\u00e9rentes facettes d&rsquo;un bon cigare sans \u00eatre trop chaude ou am\u00e8re. Les propri\u00e9t\u00e9s bois\u00e9es et noisettes typiques d&rsquo;un cigare dominicain sont combin\u00e9es avec une douceur torr\u00e9fi\u00e9e et un go\u00fbt de cacao fin.<\/p>\n<p>\u30ed\u30f3\u30b0\u30c8\u30e9\u30a4\u30d7\u306f\u30c9\u30df\u30cb\u30ab\u5171\u548c\u56fd\u7523\u3067\u3001\u30b3\u30ed\u30db\u306e\u5cac\u304c\u7f8e\u3057\u3044\u30aa\u30a4\u30ea\u30fc\u306a\u65e5\u713c\u3051\u3092\u4e0e\u3048\u3066\u3044\u308b\u3002\u30c9\u30df\u30cb\u30ab\u5171\u548c\u56fd\u306b\u52a0\u3048\u3001\u30cb\u30ab\u30e9\u30b0\u30a2\u3068\u30da\u30eb\u30fc\u7523\u3082\u3042\u308b\u3002.<\/p>","protected":false},"excerpt":{"rendered":"<p>\u8449\u5dfb24\u672c\u5165\u308a\u3002.<\/p>","protected":false},"featured_media":60530,"template":"","meta":{"_acf_changed":false},"product_brand":[],"product_cat":[25986,39850,19809,19812],"product_tag":[],"class_list":{"0":"post-60532","1":"product","2":"type-product","3":"status-publish","4":"has-post-thumbnail","6":"product_cat-caldwell","7":"product_cat-caldwell-linea-long-live-the-king","8":"product_cat-cigares","9":"product_cat-cigares-dominicains","10":"product_shipping_class-cigares","12":"first","13":"instock","14":"sale","15":"taxable","16":"shipping-taxable","17":"purchasable","18":"product-type-simple"},"acf":[],"_links":{"self":[{"href":"https:\/\/cigarquality.com\/ja\/wp-json\/wp\/v2\/product\/60532","targetHints":{"allow":["GET"]}}],"collection":[{"href":"https:\/\/cigarquality.com\/ja\/wp-json\/wp\/v2\/product"}],"about":[{"href":"https:\/\/cigarquality.com\/ja\/wp-json\/wp\/v2\/types\/product"}],"wp:featuredmedia":[{"embeddable":true,"href":"https:\/\/cigarquality.com\/ja\/wp-json\/wp\/v2\/media\/60530"}],"wp:attachment":[{"href":"https:\/\/cigarquality.com\/ja\/wp-json\/wp\/v2\/media?parent=60532"}],"wp:term":[{"taxonomy":"product_brand","embeddable":true,"href":"https:\/\/cigarquality.com\/ja\/wp-json\/wp\/v2\/product_brand?post=60532"},{"taxonomy":"product_cat","embeddable":true,"href":"https:\/\/cigarquality.com\/ja\/wp-json\/wp\/v2\/product_cat?post=60532"},{"taxonomy":"product_tag","embeddable":true,"href":"https:\/\/cigarquality.com\/ja\/wp-json\/wp\/v2\/product_tag?post=60532"}],"curies":[{"name":"wp","href":"https:\/\/api.w.org\/{rel}","templated":true}]}}