{"id":60526,"date":"2022-05-02T13:09:44","date_gmt":"2022-05-02T12:09:44","guid":{"rendered":"https:\/\/cigarquality.com\/?post_type=product&#038;p=60526"},"modified":"2025-07-25T13:35:56","modified_gmt":"2025-07-25T11:35:56","slug":"caldwell-blind-mans-bluff-robusto-20","status":"publish","type":"product","link":"https:\/\/cigarquality.com\/ja\/boutique\/cigares-dominicains\/caldwell\/caldwell-linea-blind-mans-bluff\/caldwell-blind-mans-bluff-robusto-20\/","title":{"rendered":"\u30b3\u30fc\u30eb\u30c9\u30a6\u30a7\u30eb\u30fb\u30d6\u30e9\u30a4\u30f3\u30c9\u30de\u30f3\u30fb\u30d6\u30e9\u30d5\u30fb\u30ed\u30d6\u30b9\u30c8 (20)"},"content":{"rendered":"<p>Le cigare Caldwell Blind Mans Bluff Robusto est un cigare de boutique classique con\u00e7u par Robert Caldwell. Il a parcouru le monde pour trouver du tabac sp\u00e9cial pour ses cigares uniques. L&rsquo;apparence du cigare promet \u00e0 elle seule un plaisir de fumer particulier. La cape Habano d&rsquo;Equateur repose sur une sous-cape Criollo du Honduras et contient une tripe de la R\u00e9publique dominicaine et du Honduras.<\/p>\n<p>\u30d1\u30f3\u306e\u30af\u30ea\u30fc\u30df\u30fc\u306a\u9999\u308a\u3068\u7518\u3044\u8abf\u5473\u6599\u304c\u6749\u306e\u6728\u306e\u8efd\u3044\u9999\u308a\u3068\u6df7\u3056\u308a\u5408\u3046\u3002\u7159\u304c\u9032\u3080\u306b\u3064\u308c\u3001\u8449\u5dfb\u304c\u5f37\u304f\u306a\u308b\u3053\u3068\u306a\u304f\u3001\u571f\u3068\u6728\u306e\u98a8\u5473\u304c\u3088\u308a\u5f37\u304f\u306a\u308b\u3002.<\/p>","protected":false},"excerpt":{"rendered":"<p>20\u672c\u5165\u308a\u3002.<\/p>","protected":false},"featured_media":60524,"template":"","meta":{"_acf_changed":false},"product_brand":[],"product_cat":[25986,39848,19809,19812],"product_tag":[],"class_list":{"0":"post-60526","1":"product","2":"type-product","3":"status-publish","4":"has-post-thumbnail","6":"product_cat-caldwell","7":"product_cat-caldwell-linea-blind-mans-bluff","8":"product_cat-cigares","9":"product_cat-cigares-dominicains","10":"product_shipping_class-cigares","12":"first","13":"instock","14":"sale","15":"taxable","16":"shipping-taxable","17":"purchasable","18":"product-type-simple"},"acf":[],"_links":{"self":[{"href":"https:\/\/cigarquality.com\/ja\/wp-json\/wp\/v2\/product\/60526","targetHints":{"allow":["GET"]}}],"collection":[{"href":"https:\/\/cigarquality.com\/ja\/wp-json\/wp\/v2\/product"}],"about":[{"href":"https:\/\/cigarquality.com\/ja\/wp-json\/wp\/v2\/types\/product"}],"wp:featuredmedia":[{"embeddable":true,"href":"https:\/\/cigarquality.com\/ja\/wp-json\/wp\/v2\/media\/60524"}],"wp:attachment":[{"href":"https:\/\/cigarquality.com\/ja\/wp-json\/wp\/v2\/media?parent=60526"}],"wp:term":[{"taxonomy":"product_brand","embeddable":true,"href":"https:\/\/cigarquality.com\/ja\/wp-json\/wp\/v2\/product_brand?post=60526"},{"taxonomy":"product_cat","embeddable":true,"href":"https:\/\/cigarquality.com\/ja\/wp-json\/wp\/v2\/product_cat?post=60526"},{"taxonomy":"product_tag","embeddable":true,"href":"https:\/\/cigarquality.com\/ja\/wp-json\/wp\/v2\/product_tag?post=60526"}],"curies":[{"name":"wp","href":"https:\/\/api.w.org\/{rel}","templated":true}]}}