{"id":60321,"date":"2022-05-02T10:57:29","date_gmt":"2022-05-02T09:57:29","guid":{"rendered":"https:\/\/cigarquality.com\/?post_type=product&#038;p=60321"},"modified":"2025-10-06T14:54:10","modified_gmt":"2025-10-06T12:54:10","slug":"ashton-classic-churchill-25","status":"publish","type":"product","link":"https:\/\/cigarquality.com\/ja\/boutique\/cigares-dominicains\/ashton\/ashton-classic\/ashton-classic-churchill-25\/","title":{"rendered":"\u30a2\u30b7\u30e5\u30c8\u30f3\u30fb\u30af\u30e9\u30b7\u30c3\u30af\u30fb\u30c1\u30e3\u30fc\u30c1\u30eb (25)"},"content":{"rendered":"<p>La meilleure pi\u00e8ce de la ligne Ashton Classic est indubitablement l&rsquo;Ashton Classic Churchill. Mais que l\u2019on ne s\u2019y m\u00e9prenne pas. Malgr\u00e9 son nom, ce cigare dominicain \u00e0 tripe longue est loin d\u2019afficher un module Churchill. Il s\u2019agit d\u2019un Double Corona mesurant 190 mm de long, dot\u00e9 d\u2019un diam\u00e8tre de 20,6 mm et d\u2019un calibre 52. Le cigare offre au fumeur un total de 90 minutes de d\u00e9gustation.<\/p>\n<p>Les\u00a0cigares Ashton\u00a0Churchill sont fabriqu\u00e9s \u00e0 la main en R\u00e9publique dominicaine. Pour la cape, l\u2019enseigne choisit les feuilles de tabac cultiv\u00e9 sous serres dans la Vall\u00e9e du Connecticut (USA). La tripe et la sous-cape sont enti\u00e8rement faites avec du tabac provenant des plantations de la R\u00e9publique Dominicaine.<\/p>\n<p>D\u2019une puissance mod\u00e9r\u00e9e, l\u2019Ashton Classic Churchill n\u2019en est pas moins aromatique. En bouche, la fum\u00e9e se r\u00e9v\u00e8le douce et cr\u00e9meuse. Elle d\u00e9gage principalement un go\u00fbt de noix. La vitole peut \u00eatre fum\u00e9e aussi bien par les d\u00e9butants que les grands amateurs ayant \u00e0 leur actif des ann\u00e9es de d\u00e9gustation de cigares.<\/p>","protected":false},"excerpt":{"rendered":"<p>\u8449\u5dfb25\u672c\u5165\u308a\u3002.<\/p>","protected":false},"featured_media":60319,"template":"","meta":{"_acf_changed":false},"product_brand":[],"product_cat":[23113,23115,19809,19812],"product_tag":[],"class_list":{"0":"post-60321","1":"product","2":"type-product","3":"status-publish","4":"has-post-thumbnail","6":"product_cat-ashton","7":"product_cat-ashton-classic","8":"product_cat-cigares","9":"product_cat-cigares-dominicains","10":"product_shipping_class-cigares","12":"first","13":"instock","14":"sale","15":"taxable","16":"shipping-taxable","17":"purchasable","18":"product-type-simple"},"acf":[],"_links":{"self":[{"href":"https:\/\/cigarquality.com\/ja\/wp-json\/wp\/v2\/product\/60321","targetHints":{"allow":["GET"]}}],"collection":[{"href":"https:\/\/cigarquality.com\/ja\/wp-json\/wp\/v2\/product"}],"about":[{"href":"https:\/\/cigarquality.com\/ja\/wp-json\/wp\/v2\/types\/product"}],"wp:featuredmedia":[{"embeddable":true,"href":"https:\/\/cigarquality.com\/ja\/wp-json\/wp\/v2\/media\/60319"}],"wp:attachment":[{"href":"https:\/\/cigarquality.com\/ja\/wp-json\/wp\/v2\/media?parent=60321"}],"wp:term":[{"taxonomy":"product_brand","embeddable":true,"href":"https:\/\/cigarquality.com\/ja\/wp-json\/wp\/v2\/product_brand?post=60321"},{"taxonomy":"product_cat","embeddable":true,"href":"https:\/\/cigarquality.com\/ja\/wp-json\/wp\/v2\/product_cat?post=60321"},{"taxonomy":"product_tag","embeddable":true,"href":"https:\/\/cigarquality.com\/ja\/wp-json\/wp\/v2\/product_tag?post=60321"}],"curies":[{"name":"wp","href":"https:\/\/api.w.org\/{rel}","templated":true}]}}