{"id":60271,"date":"2022-05-02T10:48:05","date_gmt":"2022-05-02T09:48:05","guid":{"rendered":"https:\/\/cigarquality.com\/?post_type=product&#038;p=60271"},"modified":"2026-01-01T18:49:12","modified_gmt":"2026-01-01T17:49:12","slug":"armagnac-domaine-daurensan-assemblage-15-ans","status":"publish","type":"product","link":"https:\/\/cigarquality.com\/ja\/boutique\/alcools\/eau-de-vie\/armagnac\/domaine-daurensan\/armagnac-domaine-daurensan-assemblage-15-ans\/","title":{"rendered":"\u30a2\u30eb\u30de\u30cb\u30e3\u30c3\u30af \u30c9\u30e1\u30fc\u30cc\u30fb\u30c9\u30fc\u30e9\u30f3\u30b5\u30f3 \u30a2\u30c3\u30b5\u30f3\u30d6\u30e9\u30fc\u30b8\u30e5 15\u5e74"},"content":{"rendered":"<p>Gr\u00e2ce au savoir-faire du ma\u00eetre des lieux ainsi qu\u2019aux possibilit\u00e9s quasi infinies qu\u2019offre l\u2019art de l\u2019assemblage, ce \u00ab\u00a0compte 15\u00a0\u00bb se d\u00e9voile dans un registre frais et \u00e9clatant. Les notes fruit\u00e9es et gourmandes s\u2019accompagnent d\u2019un bois\u00e9 tr\u00e8s d\u00e9licat et d\u00e9j\u00e0 fondu. Ce profil aussi, expressif que charmeur, fera merveille aux c\u00f4t\u00e9s d\u2019un Havane relativement puissant.<\/p>\n<p>L&rsquo;Armagnac 15 Ans D&rsquo;Aurensan est \u00e9labor\u00e9 \u00e0 partir des c\u00e9pages Ugni Blanc, Colombard et Folle Blanche du vignoble Aurensan du m\u00eame nom. Le sol, caract\u00e9ris\u00e9 par la pr\u00e9sence de craie et d&rsquo;argile, favorise le d\u00e9veloppement des racines de la vigne, qui vont \u00e0 plusieurs m\u00e8tres de profondeur o\u00f9 elles trouvent tous les nutriments dont la plante a besoin.<\/p>\n<p>La distillation est effectu\u00e9e en continu, suivie d&rsquo;un \u00e9levage de 15 ans en barriques construites \u00e0 partir de bois issu des ch\u00eanes du m\u00eame domaine.<strong> Cet armagnac appartient \u00e0 la cat\u00e9gorie des Triple Zero car il ne n\u00e9cessite aucune dilution, ni ajout de sucre ou de colorants.<\/strong> De cette fa\u00e7on, les caract\u00e9ristiques de l&rsquo;armagnac qui sont le r\u00e9sultat d&rsquo;un travail minutieux dans le vignoble et de sa longue et myst\u00e9rieuse \u00e9laboration restent intactes.<\/p>","protected":false},"excerpt":{"rendered":"<p>70cl\u30dc\u30c8\u30eb\u3002.<\/p>","protected":false},"featured_media":60270,"template":"","meta":{"_acf_changed":false},"product_brand":[],"product_cat":[21852,23988,40042,40069],"product_tag":[],"class_list":{"0":"post-60271","1":"product","2":"type-product","3":"status-publish","4":"has-post-thumbnail","6":"product_cat-alcools","7":"product_cat-armagnac","8":"product_cat-domaine-daurensan","9":"product_cat-eau-de-vie","10":"product_shipping_class-alcool","12":"first","13":"outofstock","14":"taxable","15":"shipping-taxable","16":"purchasable","17":"product-type-simple"},"acf":[],"_links":{"self":[{"href":"https:\/\/cigarquality.com\/ja\/wp-json\/wp\/v2\/product\/60271","targetHints":{"allow":["GET"]}}],"collection":[{"href":"https:\/\/cigarquality.com\/ja\/wp-json\/wp\/v2\/product"}],"about":[{"href":"https:\/\/cigarquality.com\/ja\/wp-json\/wp\/v2\/types\/product"}],"wp:featuredmedia":[{"embeddable":true,"href":"https:\/\/cigarquality.com\/ja\/wp-json\/wp\/v2\/media\/60270"}],"wp:attachment":[{"href":"https:\/\/cigarquality.com\/ja\/wp-json\/wp\/v2\/media?parent=60271"}],"wp:term":[{"taxonomy":"product_brand","embeddable":true,"href":"https:\/\/cigarquality.com\/ja\/wp-json\/wp\/v2\/product_brand?post=60271"},{"taxonomy":"product_cat","embeddable":true,"href":"https:\/\/cigarquality.com\/ja\/wp-json\/wp\/v2\/product_cat?post=60271"},{"taxonomy":"product_tag","embeddable":true,"href":"https:\/\/cigarquality.com\/ja\/wp-json\/wp\/v2\/product_tag?post=60271"}],"curies":[{"name":"wp","href":"https:\/\/api.w.org\/{rel}","templated":true}]}}