{"id":60267,"date":"2022-05-02T10:48:02","date_gmt":"2022-05-02T09:48:02","guid":{"rendered":"https:\/\/cigarquality.com\/?post_type=product&#038;p=60267"},"modified":"2025-10-18T18:47:46","modified_gmt":"2025-10-18T16:47:46","slug":"armagnac-domaine-daurensan-1961-40-3-50cl","status":"publish","type":"product","link":"https:\/\/cigarquality.com\/ja\/boutique\/alcools\/eau-de-vie\/armagnac\/domaine-daurensan\/armagnac-domaine-daurensan-1961-40-3-50cl\/","title":{"rendered":"\u30a2\u30eb\u30de\u30cb\u30e3\u30c3\u30af \u30c9\u30e1\u30fc\u30cc\u30fb\u30c9\u30fc\u30ec\u30f3\u30b5\u30f3 1961 40.3% 50cl"},"content":{"rendered":"<p><strong>Les superlatifs manquent pour qualifier cet Armagnac Domaine d\u2019Aurensan 1961 40.3% d\u2019exception.<\/strong> Embouteill\u00e9 \u00e0 son degr\u00e9 naturel (sans aucune dilution), il offre une palette aromatique \u00e9poustouflante. Les notes d\u2019\u00e9volution sont soutenues par une fraicheur omnipr\u00e9sente et l\u2019ensemble se pr\u00e9sente dans une intensit\u00e9 et une complexit\u00e9 hors du commun.<\/p>","protected":false},"excerpt":{"rendered":"<p>50cl\u30dc\u30c8\u30eb\u3002.<\/p>","protected":false},"featured_media":60266,"template":"","meta":{"_acf_changed":false},"product_brand":[],"product_cat":[21852,23988,40042,40069],"product_tag":[],"class_list":{"0":"post-60267","1":"product","2":"type-product","3":"status-publish","4":"has-post-thumbnail","6":"product_cat-alcools","7":"product_cat-armagnac","8":"product_cat-domaine-daurensan","9":"product_cat-eau-de-vie","10":"product_shipping_class-alcool","12":"first","13":"outofstock","14":"taxable","15":"shipping-taxable","16":"purchasable","17":"product-type-simple"},"acf":[],"_links":{"self":[{"href":"https:\/\/cigarquality.com\/ja\/wp-json\/wp\/v2\/product\/60267","targetHints":{"allow":["GET"]}}],"collection":[{"href":"https:\/\/cigarquality.com\/ja\/wp-json\/wp\/v2\/product"}],"about":[{"href":"https:\/\/cigarquality.com\/ja\/wp-json\/wp\/v2\/types\/product"}],"wp:featuredmedia":[{"embeddable":true,"href":"https:\/\/cigarquality.com\/ja\/wp-json\/wp\/v2\/media\/60266"}],"wp:attachment":[{"href":"https:\/\/cigarquality.com\/ja\/wp-json\/wp\/v2\/media?parent=60267"}],"wp:term":[{"taxonomy":"product_brand","embeddable":true,"href":"https:\/\/cigarquality.com\/ja\/wp-json\/wp\/v2\/product_brand?post=60267"},{"taxonomy":"product_cat","embeddable":true,"href":"https:\/\/cigarquality.com\/ja\/wp-json\/wp\/v2\/product_cat?post=60267"},{"taxonomy":"product_tag","embeddable":true,"href":"https:\/\/cigarquality.com\/ja\/wp-json\/wp\/v2\/product_tag?post=60267"}],"curies":[{"name":"wp","href":"https:\/\/api.w.org\/{rel}","templated":true}]}}