{"id":60265,"date":"2022-05-02T10:48:01","date_gmt":"2022-05-02T09:48:01","guid":{"rendered":"https:\/\/cigarquality.com\/?post_type=product&#038;p=60265"},"modified":"2026-03-31T16:12:23","modified_gmt":"2026-03-31T14:12:23","slug":"armagnac-domaine-daurensan-1973-42-5-50cl","status":"publish","type":"product","link":"https:\/\/cigarquality.com\/ja\/boutique\/alcools\/eau-de-vie\/armagnac\/domaine-daurensan\/armagnac-domaine-daurensan-1973-42-5-50cl\/","title":{"rendered":"\u30a2\u30eb\u30de\u30cb\u30e3\u30c3\u30af \u30c9\u30e1\u30fc\u30cc\u30fb\u30c9\u30fc\u30ec\u30f3\u30b5\u30f3 1973 42.5% 50cl"},"content":{"rendered":"<p>La T\u00e9nar\u00e8ze a toujours eu la r\u00e9putation de produire des eaux-de-vie riches et puissantes. Cet Armagnac Domaine d\u2019Aurensan 42.5% mill\u00e9sime 1973 en est un tr\u00e8s bel exemple, en s\u2019exprimant parfaitement sur ces registres, tout en conservant fraicheur et \u00e9l\u00e9gance. Et si le cigare accompagnant cet armagnac de caract\u00e8re en a tout autant, la combinaison des deux sera \u00e9clatante.<\/p>","protected":false},"excerpt":{"rendered":"<p>50cl\u30dc\u30c8\u30eb\u3002.<\/p>","protected":false},"featured_media":60264,"template":"","meta":{"_acf_changed":false},"product_brand":[],"product_cat":[21852,23988,40042,40069],"product_tag":[],"class_list":{"0":"post-60265","1":"product","2":"type-product","3":"status-publish","4":"has-post-thumbnail","6":"product_cat-alcools","7":"product_cat-armagnac","8":"product_cat-domaine-daurensan","9":"product_cat-eau-de-vie","10":"product_shipping_class-alcool","12":"first","13":"outofstock","14":"taxable","15":"shipping-taxable","16":"purchasable","17":"product-type-simple"},"acf":[],"_links":{"self":[{"href":"https:\/\/cigarquality.com\/ja\/wp-json\/wp\/v2\/product\/60265","targetHints":{"allow":["GET"]}}],"collection":[{"href":"https:\/\/cigarquality.com\/ja\/wp-json\/wp\/v2\/product"}],"about":[{"href":"https:\/\/cigarquality.com\/ja\/wp-json\/wp\/v2\/types\/product"}],"wp:featuredmedia":[{"embeddable":true,"href":"https:\/\/cigarquality.com\/ja\/wp-json\/wp\/v2\/media\/60264"}],"wp:attachment":[{"href":"https:\/\/cigarquality.com\/ja\/wp-json\/wp\/v2\/media?parent=60265"}],"wp:term":[{"taxonomy":"product_brand","embeddable":true,"href":"https:\/\/cigarquality.com\/ja\/wp-json\/wp\/v2\/product_brand?post=60265"},{"taxonomy":"product_cat","embeddable":true,"href":"https:\/\/cigarquality.com\/ja\/wp-json\/wp\/v2\/product_cat?post=60265"},{"taxonomy":"product_tag","embeddable":true,"href":"https:\/\/cigarquality.com\/ja\/wp-json\/wp\/v2\/product_tag?post=60265"}],"curies":[{"name":"wp","href":"https:\/\/api.w.org\/{rel}","templated":true}]}}