{"id":59502,"date":"2022-04-19T09:48:39","date_gmt":"2022-04-19T08:48:39","guid":{"rendered":"https:\/\/cigarquality.com\/boutique\/non%20class\u00e9\/el-sueno-classic-line-maduro-robusto-5\/"},"modified":"2026-02-13T20:20:02","modified_gmt":"2026-02-13T19:20:02","slug":"el-sueno-classic-line-maduro-robusto-5","status":"publish","type":"product","link":"https:\/\/cigarquality.com\/ja\/boutique\/cigares-dominicains\/el-sueno\/el-sueno-classic-line-maduro\/el-sueno-classic-line-maduro-robusto-5\/","title":{"rendered":"\u30a8\u30eb\u30fb\u30b9\u30a8\u30fc\u30cb\u30e7 \u30af\u30e9\u30b7\u30c3\u30af\u30e9\u30a4\u30f3 \u30de\u30c7\u30e5\u30fc\u30ed \u30ed\u30d6\u30b9\u30c8 (5)"},"content":{"rendered":"<p>Ce merveilleux El Sue\u00f1o Classic line Maduro Robusto arbore une belle cape br\u00e9silienne Arapiraca douce et bien grasse comme toute la gamme Classic Line Maduro.<\/p>\n<p>D\u00e8s les premi\u00e8res bouff\u00e9es il nous offre de magnifiques saveurs de caf\u00e9 torr\u00e9fi\u00e9 et de noisettes grill\u00e9es. Dans son deuxi\u00e8me tiers la puissance et l\u00e0 et parfaitement \u00e9quilibr\u00e9e: le go\u00fbt des f\u00e8ves de cacao et des fruits \u00e0 coques dominent.<\/p>\n<p>Dans le dernier tiers sa g\u00e9n\u00e9rosit\u00e9 nous apporte une \u00e9l\u00e9gante touche de r\u00e9glisse. Ce beau module risque peut-\u00eatre de vous br\u00fbler les doigts, car vous aurez de la peine \u00e0 le l\u00e2cher.<\/p>","protected":false},"excerpt":{"rendered":"<p>\u8449\u5dfb5\u672c\u5165\u308a\u3002.<\/p>","protected":false},"featured_media":59501,"template":"","meta":{"_acf_changed":false},"product_brand":[],"product_cat":[19809,19812,39808,39816],"product_tag":[],"class_list":{"0":"post-59502","1":"product","2":"type-product","3":"status-publish","4":"has-post-thumbnail","6":"product_cat-cigares","7":"product_cat-cigares-dominicains","8":"product_cat-el-sueno","9":"product_cat-el-sueno-classic-line-maduro","10":"product_shipping_class-cigares","12":"first","13":"instock","14":"sale","15":"taxable","16":"shipping-taxable","17":"purchasable","18":"product-type-simple"},"acf":[],"_links":{"self":[{"href":"https:\/\/cigarquality.com\/ja\/wp-json\/wp\/v2\/product\/59502","targetHints":{"allow":["GET"]}}],"collection":[{"href":"https:\/\/cigarquality.com\/ja\/wp-json\/wp\/v2\/product"}],"about":[{"href":"https:\/\/cigarquality.com\/ja\/wp-json\/wp\/v2\/types\/product"}],"wp:featuredmedia":[{"embeddable":true,"href":"https:\/\/cigarquality.com\/ja\/wp-json\/wp\/v2\/media\/59501"}],"wp:attachment":[{"href":"https:\/\/cigarquality.com\/ja\/wp-json\/wp\/v2\/media?parent=59502"}],"wp:term":[{"taxonomy":"product_brand","embeddable":true,"href":"https:\/\/cigarquality.com\/ja\/wp-json\/wp\/v2\/product_brand?post=59502"},{"taxonomy":"product_cat","embeddable":true,"href":"https:\/\/cigarquality.com\/ja\/wp-json\/wp\/v2\/product_cat?post=59502"},{"taxonomy":"product_tag","embeddable":true,"href":"https:\/\/cigarquality.com\/ja\/wp-json\/wp\/v2\/product_tag?post=59502"}],"curies":[{"name":"wp","href":"https:\/\/api.w.org\/{rel}","templated":true}]}}