{"id":59429,"date":"2022-04-14T08:18:20","date_gmt":"2022-04-14T07:18:20","guid":{"rendered":"https:\/\/cigarquality.com\/boutique\/non%20class\u00e9\/el-sueno-classic-line-claro-dos-horas-25\/"},"modified":"2026-03-04T00:05:07","modified_gmt":"2026-03-03T23:05:07","slug":"el-sueno-classic-line-claro-dos-horas-25","status":"publish","type":"product","link":"https:\/\/cigarquality.com\/ja\/boutique\/cigares-dominicains\/el-sueno\/el-sueno-classic-line-claro\/el-sueno-classic-line-claro-dos-horas-25\/","title":{"rendered":"\u30a8\u30eb\u30fb\u30b9\u30a8\u30fc\u30cb\u30e7\u30fb\u30af\u30e9\u30b7\u30c3\u30af\u30e9\u30a4\u30f3 Claro Dos Horas (25)"},"content":{"rendered":"<p>Un double Corona appel\u00e9 \u00ab El Sue\u00f1o Classic line Claro Dos Horas \u00bb est sans conteste une aventure \u00e0 lui tout seul. Sa cape Colorado est ses mensurations d\u2019\u00e9talon lui conf\u00e8rent une aura toute particuli\u00e8re. Il offre un tirage parfait. Un allumage ais\u00e9 et une combustion r\u00e9guli\u00e8re d\u00e9montrent \u00e0 quel point cette vitole est un joyau.<\/p>\n<p>Comme l\u2019ensemble de la Classic Line Claro, le Dos Horas d\u00e9marre sur des notes v\u00e9g\u00e9tales et d\u2019amandes grill\u00e9es. Il offre un bon volume de fum\u00e9e d\u00e8s le d\u00e9part. Par la suite ses ar\u00f4mes \u00e9voluent en fonction de sa mont\u00e9e en puissance avec des notes d\u2019\u00e9table, de c\u00e8dre et de sous-bois.<\/p>\n<p>Sa persistance aromatique est agr\u00e9able, le El Sue\u00f1o Classic line Claro Dos Horas sait \u00eatre pr\u00e9sent sans pour autant devenir envahissant.<\/p>","protected":false},"excerpt":{"rendered":"<p>25\u672c\u5165\u308a\u3002.<\/p>","protected":false},"featured_media":59428,"template":"","meta":{"_acf_changed":false},"product_brand":[],"product_cat":[19809,19812,39808,39815],"product_tag":[],"class_list":{"0":"post-59429","1":"product","2":"type-product","3":"status-publish","4":"has-post-thumbnail","6":"product_cat-cigares","7":"product_cat-cigares-dominicains","8":"product_cat-el-sueno","9":"product_cat-el-sueno-classic-line-claro","10":"product_shipping_class-cigares","12":"first","13":"instock","14":"taxable","15":"shipping-taxable","16":"purchasable","17":"product-type-simple"},"acf":[],"_links":{"self":[{"href":"https:\/\/cigarquality.com\/ja\/wp-json\/wp\/v2\/product\/59429","targetHints":{"allow":["GET"]}}],"collection":[{"href":"https:\/\/cigarquality.com\/ja\/wp-json\/wp\/v2\/product"}],"about":[{"href":"https:\/\/cigarquality.com\/ja\/wp-json\/wp\/v2\/types\/product"}],"wp:featuredmedia":[{"embeddable":true,"href":"https:\/\/cigarquality.com\/ja\/wp-json\/wp\/v2\/media\/59428"}],"wp:attachment":[{"href":"https:\/\/cigarquality.com\/ja\/wp-json\/wp\/v2\/media?parent=59429"}],"wp:term":[{"taxonomy":"product_brand","embeddable":true,"href":"https:\/\/cigarquality.com\/ja\/wp-json\/wp\/v2\/product_brand?post=59429"},{"taxonomy":"product_cat","embeddable":true,"href":"https:\/\/cigarquality.com\/ja\/wp-json\/wp\/v2\/product_cat?post=59429"},{"taxonomy":"product_tag","embeddable":true,"href":"https:\/\/cigarquality.com\/ja\/wp-json\/wp\/v2\/product_tag?post=59429"}],"curies":[{"name":"wp","href":"https:\/\/api.w.org\/{rel}","templated":true}]}}