{"id":59170,"date":"2022-04-11T14:36:45","date_gmt":"2022-04-11T12:36:45","guid":{"rendered":"https:\/\/cigarquality.com\/boutique\/non%20class\u00e9\/macanudo-inspirado-white-toro-20\/"},"modified":"2025-09-11T11:37:04","modified_gmt":"2025-09-11T09:37:04","slug":"macanudo-inspirado-white-toro-20","status":"publish","type":"product","link":"https:\/\/cigarquality.com\/ja\/boutique\/cigares-dominicains\/macanudo\/macanudo-inspirado-white\/macanudo-inspirado-white-toro-20\/","title":{"rendered":"Macanudo Inspirado White Toro (20)"},"content":{"rendered":"<p><strong>Le cigare Macanudo Inspirado White Toro<\/strong> est beau et pourtant complexe. Doux, avec des \u00e9pices. Riche, mais nuanc\u00e9. Le cigare <strong>Macanudo Inspirado White Toro<\/strong> est un mod\u00e8le de contrastes. La cape Connecticut \u00e9quatorienne dor\u00e9e, vieillie pendant 6 ans, conf\u00e8re au cigare une esth\u00e9tique incomparable. \u00c0 l&rsquo;int\u00e9rieur, une sous-cape indon\u00e9sienne assure une richesse aromatique. Des tabacs nicaraguayens et des feuilles mexicaines San Andr\u00e9s, m\u00fbries chacune pendant quatre ans, poursuivent l&rsquo;exp\u00e9rience et donnent un cigare d\u00e9bordant de notes de terre et d&rsquo;\u00e9pices.<\/p>","protected":false},"excerpt":{"rendered":"<p>20\u672c\u5165\u308a\u3002.<\/p>","protected":false},"featured_media":59167,"template":"","meta":{"_acf_changed":false},"product_brand":[],"product_cat":[19809,19812,39791,39792],"product_tag":[],"class_list":{"0":"post-59170","1":"product","2":"type-product","3":"status-publish","4":"has-post-thumbnail","6":"product_cat-cigares","7":"product_cat-cigares-dominicains","8":"product_cat-macanudo","9":"product_cat-macanudo-inspirado-white","10":"product_shipping_class-cigares","12":"first","13":"instock","14":"sale","15":"taxable","16":"shipping-taxable","17":"purchasable","18":"product-type-simple"},"acf":[],"_links":{"self":[{"href":"https:\/\/cigarquality.com\/ja\/wp-json\/wp\/v2\/product\/59170","targetHints":{"allow":["GET"]}}],"collection":[{"href":"https:\/\/cigarquality.com\/ja\/wp-json\/wp\/v2\/product"}],"about":[{"href":"https:\/\/cigarquality.com\/ja\/wp-json\/wp\/v2\/types\/product"}],"wp:featuredmedia":[{"embeddable":true,"href":"https:\/\/cigarquality.com\/ja\/wp-json\/wp\/v2\/media\/59167"}],"wp:attachment":[{"href":"https:\/\/cigarquality.com\/ja\/wp-json\/wp\/v2\/media?parent=59170"}],"wp:term":[{"taxonomy":"product_brand","embeddable":true,"href":"https:\/\/cigarquality.com\/ja\/wp-json\/wp\/v2\/product_brand?post=59170"},{"taxonomy":"product_cat","embeddable":true,"href":"https:\/\/cigarquality.com\/ja\/wp-json\/wp\/v2\/product_cat?post=59170"},{"taxonomy":"product_tag","embeddable":true,"href":"https:\/\/cigarquality.com\/ja\/wp-json\/wp\/v2\/product_tag?post=59170"}],"curies":[{"name":"wp","href":"https:\/\/api.w.org\/{rel}","templated":true}]}}