{"id":58828,"date":"2022-03-30T10:57:48","date_gmt":"2022-03-30T08:57:48","guid":{"rendered":"https:\/\/cigarquality.com\/?post_type=product&#038;p=58828"},"modified":"2026-03-30T11:46:30","modified_gmt":"2026-03-30T09:46:30","slug":"cohiba-esplendidos-5x3","status":"publish","type":"product","link":"https:\/\/cigarquality.com\/ja\/boutique\/cigares-cubains\/cohiba\/cohiba-linea-clasica\/cohiba-esplendidos-5x3\/","title":{"rendered":"\u30b3\u30a4\u30fc\u30d0\u30fb\u30a8\u30b9\u30d7\u30ec\u30f3\u30c7\u30a3\u30c9\u30b9 (5\u00d73)"},"content":{"rendered":"<p>\u30eb <strong>Cohiba Esplendidos <\/strong>est l&rsquo;un des modules les plus recherch\u00e9s et les plus prestigieux de cette marque qui reste aujourd&rsquo;hui certainement la plus exclusive des cigares Cubains\u2026et non Cubains.<\/p>\n<p>D&rsquo;une taille qui impose d&#8217;embl\u00e9e le respect, ce Julieta n\u00b02, d&rsquo;une longueur de 178 mm et de 18,65 mm de diam\u00e8tre, demandera un peu plus d&rsquo;une heure pour r\u00e9v\u00e9ler toute sa palette aromatique, riche, dense et complexe. Jouant entre les notes bois\u00e9es et \u00e9pic\u00e9es, la d\u00e9gustation \u00e9volue sur le cacao sans jamais perdre son caract\u00e8re souple et onctueux. Sans nul doute, un tr\u00e8s grand Havane comme on aimerait en fumer plus souvent si la production n&rsquo;\u00e9tait malheureusement pas si limit\u00e9e.<\/p>\n<p>La marque Cohiba naquit dans une ancienne villa diplomatique, El Laguito, \u00e0 la demande de Fidel Castro lorsque celui-ci remarqua un de ses gardes du corps fumant un cigare particuli\u00e8rement aromatique et expressif. Apr\u00e8s s&rsquo;\u00eatre renseign\u00e9 sur la personne qui fabriquait ces vitoles, il engagea 5 personnes pour produire ce qui deviendrait LE cigare Cubain, r\u00e9serv\u00e9 aux dignitaires du gouvernement et \u00e9trangers.<\/p>\n<p>Jusqu&rsquo;en 1982, les cigares Cohiba n&rsquo;\u00e9taient disponibles que sur Cuba et distribu\u00e9s uniquement lors des \u00e9v\u00e8nements officiels, Par la suite, Fidel Castro d\u00e9cida d&rsquo;en faire une marque de cigares de luxe distribu\u00e9e au grand publique. Les premiers modules constitu\u00e8rent la gamme Cl\u00e0sica puis la Linea 1492, faisant r\u00e9f\u00e9rence \u00e0 Christophe Colomb et int\u00e9grant les \u00ab\u00a0Siglo\u00a0\u00bb, fut mise sur le march\u00e9 par Habanos SA \u00e0 partir de 1992.<\/p>\n<p>Les \u00ab\u00a0Edicion Limitada\u00a0\u00bb compl\u00e8te la gamme avec, comme son nom l&rsquo;indique, des s\u00e9ries limit\u00e9es tr\u00e8s attendues par les aficionados.<\/p>\n<p>&nbsp;<\/p>","protected":false},"excerpt":{"rendered":"<p>\u8449\u5dfb3\u672c\u5165\u308a5\u7bb1\u3002.<\/p>","protected":false},"featured_media":58827,"template":"","meta":{"_acf_changed":false},"product_brand":[],"product_cat":[19809,19845,19885,45378],"product_tag":[],"class_list":{"0":"post-58828","1":"product","2":"type-product","3":"status-publish","4":"has-post-thumbnail","6":"product_cat-cigares","7":"product_cat-cigares-cubains","8":"product_cat-cohiba","9":"product_cat-cohiba-linea-clasica","10":"product_shipping_class-cigares","12":"first","13":"outofstock","14":"sold-individually","15":"taxable","16":"shipping-taxable","17":"purchasable","18":"product-type-simple"},"acf":[],"_links":{"self":[{"href":"https:\/\/cigarquality.com\/ja\/wp-json\/wp\/v2\/product\/58828","targetHints":{"allow":["GET"]}}],"collection":[{"href":"https:\/\/cigarquality.com\/ja\/wp-json\/wp\/v2\/product"}],"about":[{"href":"https:\/\/cigarquality.com\/ja\/wp-json\/wp\/v2\/types\/product"}],"wp:featuredmedia":[{"embeddable":true,"href":"https:\/\/cigarquality.com\/ja\/wp-json\/wp\/v2\/media\/58827"}],"wp:attachment":[{"href":"https:\/\/cigarquality.com\/ja\/wp-json\/wp\/v2\/media?parent=58828"}],"wp:term":[{"taxonomy":"product_brand","embeddable":true,"href":"https:\/\/cigarquality.com\/ja\/wp-json\/wp\/v2\/product_brand?post=58828"},{"taxonomy":"product_cat","embeddable":true,"href":"https:\/\/cigarquality.com\/ja\/wp-json\/wp\/v2\/product_cat?post=58828"},{"taxonomy":"product_tag","embeddable":true,"href":"https:\/\/cigarquality.com\/ja\/wp-json\/wp\/v2\/product_tag?post=58828"}],"curies":[{"name":"wp","href":"https:\/\/api.w.org\/{rel}","templated":true}]}}