{"id":58526,"date":"2022-03-18T13:52:21","date_gmt":"2022-03-18T12:52:21","guid":{"rendered":"https:\/\/cigarquality.com\/boutique\/non%20class\u00e9\/flor-de-oliva-churchill-25\/"},"modified":"2025-10-04T14:09:03","modified_gmt":"2025-10-04T12:09:03","slug":"flor-de-oliva-churchill-25","status":"publish","type":"product","link":"https:\/\/cigarquality.com\/ja\/boutique\/cigares-nicaraguayens\/flor-de-oliva\/flor-de-oliva-churchill-25\/","title":{"rendered":"\u30d5\u30ed\u30fc\u30eb\u30fb\u30c7\u30fb\u30aa\u30ea\u30d0\u30fb\u30c1\u30e3\u30fc\u30c1\u30eb (25)"},"content":{"rendered":"<p>Le Flor de Oliva Churchill est un cigare doux et l\u00e9ger qui offre au fumeur des ar\u00f4mes cr\u00e9meux de noisette et de terre. Il convient aussi bien aux d\u00e9butants qu\u2019aux fumeurs exp\u00e9riment\u00e9s qui souhaitent s\u2019offrir un cigare l\u00e9ger.<\/p>\n<p>En outre, la s\u00e9rie Flor de Oliva offre un rapport qualit\u00e9-prix exceptionnel.<\/p>","protected":false},"excerpt":{"rendered":"<p>\u8449\u5dfb25\u672c\u5165\u308a\u3002.<\/p>","protected":false},"featured_media":58523,"template":"","meta":{"_acf_changed":false},"product_brand":[],"product_cat":[19809,24833,31488],"product_tag":[],"class_list":{"0":"post-58526","1":"product","2":"type-product","3":"status-publish","4":"has-post-thumbnail","6":"product_cat-cigares","7":"product_cat-cigares-nicaraguayens","8":"product_cat-flor-de-oliva","9":"product_shipping_class-cigares","11":"first","12":"instock","13":"sale","14":"taxable","15":"shipping-taxable","16":"purchasable","17":"product-type-simple"},"acf":[],"_links":{"self":[{"href":"https:\/\/cigarquality.com\/ja\/wp-json\/wp\/v2\/product\/58526","targetHints":{"allow":["GET"]}}],"collection":[{"href":"https:\/\/cigarquality.com\/ja\/wp-json\/wp\/v2\/product"}],"about":[{"href":"https:\/\/cigarquality.com\/ja\/wp-json\/wp\/v2\/types\/product"}],"wp:featuredmedia":[{"embeddable":true,"href":"https:\/\/cigarquality.com\/ja\/wp-json\/wp\/v2\/media\/58523"}],"wp:attachment":[{"href":"https:\/\/cigarquality.com\/ja\/wp-json\/wp\/v2\/media?parent=58526"}],"wp:term":[{"taxonomy":"product_brand","embeddable":true,"href":"https:\/\/cigarquality.com\/ja\/wp-json\/wp\/v2\/product_brand?post=58526"},{"taxonomy":"product_cat","embeddable":true,"href":"https:\/\/cigarquality.com\/ja\/wp-json\/wp\/v2\/product_cat?post=58526"},{"taxonomy":"product_tag","embeddable":true,"href":"https:\/\/cigarquality.com\/ja\/wp-json\/wp\/v2\/product_tag?post=58526"}],"curies":[{"name":"wp","href":"https:\/\/api.w.org\/{rel}","templated":true}]}}