{"id":58487,"date":"2022-03-17T14:16:58","date_gmt":"2022-03-17T13:16:58","guid":{"rendered":"https:\/\/cigarquality.com\/boutique\/non%20class\u00e9\/vegafina-classic-perlas-4\/"},"modified":"2026-03-28T23:36:20","modified_gmt":"2026-03-28T22:36:20","slug":"vegafina-classic-perlas-4","status":"publish","type":"product","link":"https:\/\/cigarquality.com\/ja\/boutique\/cigares-dominicains\/vegafina\/vegafina-classic\/vegafina-classic-perlas-4\/","title":{"rendered":"\u30d9\u30ac\u30d5\u30a3\u30ca\u30fb\u30da\u30eb\u30e9\u30b9 (4)"},"content":{"rendered":"<p><strong>Le Vegafina Perlas<\/strong> est un des meilleurs de la R\u00e9publique dominicaine, avec un tr\u00e8s bon rapport qualit\u00e9-prix. Notes de bois, d\u2019amande, de caf\u00e9 et de poivre subtile.<\/p>\n<p>Le nom \u201cVegaFina\u201d, qui signifie \u201cterre fertile\u201d, d\u00e9crit la combinaison d\u2019un parfait jeu de soleil, d\u2019humidit\u00e9 et de conditions de sol. Le cigare exclusif VegaFina est roul\u00e9 \u00e0 la main \u00e0 La Romana (R\u00e9publique dominicaine) selon une proc\u00e9dure traditionnelle.<\/p>","protected":false},"excerpt":{"rendered":"<p>\u8449\u5dfb4\u672c\u5165\u308a\u3002.<\/p>","protected":false},"featured_media":58485,"template":"","meta":{"_acf_changed":false},"product_brand":[],"product_cat":[19809,19812,35059,26544,26546],"product_tag":[],"class_list":{"0":"post-58487","1":"product","2":"type-product","3":"status-publish","4":"has-post-thumbnail","6":"product_cat-cigares","7":"product_cat-cigares-dominicains","8":"product_cat-etuis-de-3-a-5-cigares","9":"product_cat-vegafina","10":"product_cat-vegafina-classic","11":"product_shipping_class-cigares","13":"first","14":"instock","15":"taxable","16":"shipping-taxable","17":"purchasable","18":"product-type-simple"},"acf":[],"_links":{"self":[{"href":"https:\/\/cigarquality.com\/ja\/wp-json\/wp\/v2\/product\/58487","targetHints":{"allow":["GET"]}}],"collection":[{"href":"https:\/\/cigarquality.com\/ja\/wp-json\/wp\/v2\/product"}],"about":[{"href":"https:\/\/cigarquality.com\/ja\/wp-json\/wp\/v2\/types\/product"}],"wp:featuredmedia":[{"embeddable":true,"href":"https:\/\/cigarquality.com\/ja\/wp-json\/wp\/v2\/media\/58485"}],"wp:attachment":[{"href":"https:\/\/cigarquality.com\/ja\/wp-json\/wp\/v2\/media?parent=58487"}],"wp:term":[{"taxonomy":"product_brand","embeddable":true,"href":"https:\/\/cigarquality.com\/ja\/wp-json\/wp\/v2\/product_brand?post=58487"},{"taxonomy":"product_cat","embeddable":true,"href":"https:\/\/cigarquality.com\/ja\/wp-json\/wp\/v2\/product_cat?post=58487"},{"taxonomy":"product_tag","embeddable":true,"href":"https:\/\/cigarquality.com\/ja\/wp-json\/wp\/v2\/product_tag?post=58487"}],"curies":[{"name":"wp","href":"https:\/\/api.w.org\/{rel}","templated":true}]}}