{"id":58470,"date":"2022-03-17T10:13:21","date_gmt":"2022-03-17T09:13:21","guid":{"rendered":"https:\/\/cigarquality.com\/boutique\/non%20class\u00e9\/montecristo-puritos-10x5\/"},"modified":"2025-12-16T17:09:03","modified_gmt":"2025-12-16T16:09:03","slug":"montecristo-puritos-10x5","status":"publish","type":"product","link":"https:\/\/cigarquality.com\/ja\/boutique\/cigares-cubains\/montecristo\/montecristo-linea-clasica\/montecristo-puritos-10x5\/","title":{"rendered":"\u30e2\u30f3\u30c6\u30af\u30ea\u30b9\u30c8\u30fb\u30d7\u30ea\u30c8\u30b9\uff0810\u00d75\uff09"},"content":{"rendered":"<p>\u30eb <strong>Montecristo Puritos<\/strong> reste fid\u00e8le \u00e0 la marque en conservant les caract\u00e9ristiques typiques des cigares de la manufacture, des tabacs provenant uniquement de la Vuelta Abajo avec une aromatique expressive et r\u00e9guli\u00e8re lors de la d\u00e9gustation.<\/p>\n<p>Ce Mini Panatela, d&rsquo;une longueur de 115 mm et d&rsquo;un diam\u00e8tre de 10,7 mm, conserve une intensit\u00e9 gustative qui durera une vingtaine de minutes. Le Montecristo Puritos se r\u00e9v\u00e8le sur des notes bois\u00e9es et \u00e9pic\u00e9es qui ne sont pas sans rappeler les modules plus g\u00e9n\u00e9reux de la prestigieuse marque au triangle. Ce Puritos saura se montrer aussi convainquant aupr\u00e8s d&rsquo;un fumeur exp\u00e9riment\u00e9 que d&rsquo;un novice.<\/p>\n<p>Ce cigare est disponible en cartouche (10&#215;5) et en bo\u00eete de 25 cigares.<\/p>\n<p>C&rsquo;est en 1913 que Benjamin Men\u00e9ndez Garcia prend le controle de la manufacture de cigares Parra dans laquelle il travaille depuis quelques temps. Apr\u00e8s l&rsquo;avoir rebaptis\u00e9e Men\u00e9ndez y Cia. En 1923, il s&rsquo;entoure de membres de sa famille ainsi que d&rsquo;un cigarier de talent, \u00ab\u00a0Pepe\u00a0\u00bb Garcia, Tous les \u00e9l\u00e9ments sont d\u00e9sormais r\u00e9unis pour que l&rsquo;aventure Montecristo puisse d\u00e9marrer.<\/p>\n<p>Il faudra pourtant attendre 1935 et le rachat de la manufacture Particulares pour que Montecristo voit le jour. La marque est construite sur des \u00e9l\u00e9ments simples, une pr\u00e9sentation luxueuse mais sobre et une fabrication irr\u00e9prochable, Le succ\u00e8s est au rendez-vous et en 1937, Alonzo Men\u00e9ndez rach\u00e8te la fabrique H. Upmann et y transf\u00e8re toute la production. La notori\u00e9t\u00e9 de Montecristo est telle, qu&rsquo;en 1955 l&rsquo;\u00e9v\u00eaque de la Havane viendra b\u00e9nir l&rsquo;usine.<\/p>\n<p>C&rsquo;est \u00e9galement avec Montecristo que la soci\u00e9t\u00e9 Alfred Dunhill viendra cr\u00e9er sa c\u00e9l\u00e8bre ligne, la Montecristo Dunhill Seleccion Suprema. Montecristo reste encore aujourd&rsquo;hui une des marques Cubaines les plus distribu\u00e9es dans le monde.<\/p>\n<p>&nbsp;<\/p>","protected":false},"excerpt":{"rendered":"<p>\u8449\u5dfb5\u672c\u5165\u308a10\u7bb1\u3002.<\/p>","protected":false},"featured_media":58468,"template":"","meta":{"_acf_changed":false},"product_brand":[],"product_cat":[19809,19845,35059,20617,20635],"product_tag":[],"class_list":{"0":"post-58470","1":"product","2":"type-product","3":"status-publish","4":"has-post-thumbnail","6":"product_cat-cigares","7":"product_cat-cigares-cubains","8":"product_cat-etuis-de-3-a-5-cigares","9":"product_cat-montecristo","10":"product_cat-montecristo-linea-clasica","11":"product_shipping_class-cigares","13":"first","14":"outofstock","15":"sale","16":"taxable","17":"shipping-taxable","18":"purchasable","19":"product-type-simple"},"acf":[],"_links":{"self":[{"href":"https:\/\/cigarquality.com\/ja\/wp-json\/wp\/v2\/product\/58470","targetHints":{"allow":["GET"]}}],"collection":[{"href":"https:\/\/cigarquality.com\/ja\/wp-json\/wp\/v2\/product"}],"about":[{"href":"https:\/\/cigarquality.com\/ja\/wp-json\/wp\/v2\/types\/product"}],"wp:featuredmedia":[{"embeddable":true,"href":"https:\/\/cigarquality.com\/ja\/wp-json\/wp\/v2\/media\/58468"}],"wp:attachment":[{"href":"https:\/\/cigarquality.com\/ja\/wp-json\/wp\/v2\/media?parent=58470"}],"wp:term":[{"taxonomy":"product_brand","embeddable":true,"href":"https:\/\/cigarquality.com\/ja\/wp-json\/wp\/v2\/product_brand?post=58470"},{"taxonomy":"product_cat","embeddable":true,"href":"https:\/\/cigarquality.com\/ja\/wp-json\/wp\/v2\/product_cat?post=58470"},{"taxonomy":"product_tag","embeddable":true,"href":"https:\/\/cigarquality.com\/ja\/wp-json\/wp\/v2\/product_tag?post=58470"}],"curies":[{"name":"wp","href":"https:\/\/api.w.org\/{rel}","templated":true}]}}