{"id":58440,"date":"2022-03-16T16:55:38","date_gmt":"2022-03-16T15:55:38","guid":{"rendered":"https:\/\/cigarquality.com\/boutique\/non%20class\u00e9\/partagas-chicos-10x5\/"},"modified":"2026-02-18T13:51:03","modified_gmt":"2026-02-18T12:51:03","slug":"partagas-chicos-10x5","status":"publish","type":"product","link":"https:\/\/cigarquality.com\/ja\/boutique\/cigares-cubains\/partagas\/partagas-linea-clasica\/partagas-chicos-10x5\/","title":{"rendered":"Partagas Chicos (10&#215;5)"},"content":{"rendered":"<p>Le Partagas Chicos est une r\u00e9f\u00e9rence en mati\u00e8re de cigarillo. Facilement identifiable gr\u00e2ce \u00e0 son caract\u00e8re et sa puissance, ce mini Panatela d&rsquo;une longueur de 106 mm pour un diam\u00e8tre de 11.6 mm s&rsquo;exprime sur des notes bois\u00e9es et cors\u00e9es.<\/p>\n<p>A l&rsquo;image des \u00ab\u00a0grands Cubains\u00a0\u00bb, seuls les tabacs produits sur Cuba sont utilis\u00e9s. Tr\u00e8s appr\u00e9ci\u00e9 lorsque le temps manque, ce cigarillo ne n\u00e9cessitera qu&rsquo;une quinzaine de minutes pour satisfaire l&rsquo;amateur. Ce cigarillo est disponible en boite de 25 ou en cartouche de 10&#215;5.<\/p>\n<p>Plus ancienne manufacture de cigares \u00e0 Cuba, Partagas fut fond\u00e9e en 1845 par Don Jaime Partagas Ravelo lorsqu&rsquo;il quitta l&rsquo;Espagne pour La Havane. Propri\u00e9taire de plusieurs fermes tabacoles dans la Vuelta Abajo, terroir reconnu comme le \u00ab\u00a0grand cru\u00a0\u00bb des tabacs dans le monde, Don Jaime avait en main la meilleure mati\u00e8re premi\u00e8re pour produire des cigares d&rsquo;excellence. Tr\u00e8s vite le succ\u00e8s fut au rendez-vous et nombre d&rsquo;aristocrates de toutes nationalit\u00e9s compt\u00e8rent parmi ses clients fid\u00e8les, au point que la manufacture a failli \u00eatre rebaptis\u00e9e \u00ab\u00a0Manufacture Royale\u00a0\u00bb.<\/p>\n<p>Sous l&rsquo;\u00e9lan avant-gardiste de son fondateur, Partagas fut la premi\u00e8re manufacture \u00e0 exp\u00e9rimenter les diff\u00e9rentes techniques de fermentation et fut \u00e9galement la premi\u00e8re \u00e0 avoir recours aux services d&rsquo;un \u00ab\u00a0lecteur\u00a0\u00bb, rendant le travail des torcedors moins monotone et surtout contribuant \u00e0 la culture et l&rsquo;\u00e9ducation de ses employ\u00e9s.<\/p>\n<p>Suite au d\u00e9c\u00e8s de Don Jaime Partagas Ravelo, la manufacture connu plusieurs changements de propri\u00e9taires jusqu&rsquo;\u00e0 \u00eatre la propri\u00e9t\u00e9 de la famille Cifuentes en 1940. Suite \u00e0 la r\u00e9volution Cubaine et au d\u00e9part de ses propri\u00e9taires en 1961, Partagas resta une des plus importantes manufactures avec Montecristo et Romeo y Julieta, couvrant \u00e0 elle seule pr\u00e8s de 25% de la production Cubaine.<\/p>","protected":false},"excerpt":{"rendered":"<p>10 bo\u00eetes de 5 cigares.<\/p>","protected":false},"featured_media":265632,"template":"","meta":{"_acf_changed":false},"product_brand":[],"product_cat":[19809,19845,35059,20349,45391],"product_tag":[],"class_list":{"0":"post-58440","1":"product","2":"type-product","3":"status-publish","4":"has-post-thumbnail","6":"product_cat-cigares","7":"product_cat-cigares-cubains","8":"product_cat-etuis-de-3-a-5-cigares","9":"product_cat-partagas","10":"product_cat-partagas-linea-clasica","11":"product_shipping_class-cigares","13":"first","14":"outofstock","15":"sale","16":"taxable","17":"shipping-taxable","18":"purchasable","19":"product-type-simple"},"acf":[],"_links":{"self":[{"href":"https:\/\/cigarquality.com\/ja\/wp-json\/wp\/v2\/product\/58440","targetHints":{"allow":["GET"]}}],"collection":[{"href":"https:\/\/cigarquality.com\/ja\/wp-json\/wp\/v2\/product"}],"about":[{"href":"https:\/\/cigarquality.com\/ja\/wp-json\/wp\/v2\/types\/product"}],"wp:featuredmedia":[{"embeddable":true,"href":"https:\/\/cigarquality.com\/ja\/wp-json\/wp\/v2\/media\/265632"}],"wp:attachment":[{"href":"https:\/\/cigarquality.com\/ja\/wp-json\/wp\/v2\/media?parent=58440"}],"wp:term":[{"taxonomy":"product_brand","embeddable":true,"href":"https:\/\/cigarquality.com\/ja\/wp-json\/wp\/v2\/product_brand?post=58440"},{"taxonomy":"product_cat","embeddable":true,"href":"https:\/\/cigarquality.com\/ja\/wp-json\/wp\/v2\/product_cat?post=58440"},{"taxonomy":"product_tag","embeddable":true,"href":"https:\/\/cigarquality.com\/ja\/wp-json\/wp\/v2\/product_tag?post=58440"}],"curies":[{"name":"wp","href":"https:\/\/api.w.org\/{rel}","templated":true}]}}