{"id":58276,"date":"2022-03-09T16:50:52","date_gmt":"2022-03-09T15:50:52","guid":{"rendered":"https:\/\/cigarquality.com\/boutique\/non%20class\u00e9\/alec-bradley-filthy-hooligan-shamrock-10\/"},"modified":"2026-03-18T13:09:46","modified_gmt":"2026-03-18T12:09:46","slug":"alec-bradley-filthy-hooligan-shamrock-10","status":"publish","type":"product","link":"https:\/\/cigarquality.com\/ja\/boutique\/cigares-honduriens\/alec-bradley-cigares-honduriens\/alec-bradley-filthy-hooligan\/alec-bradley-filthy-hooligan-shamrock-10\/","title":{"rendered":"\u30a2\u30ec\u30c3\u30af\u30fb\u30d6\u30e9\u30c3\u30c9\u30ea\u30fc \u30d5\u30fc\u30ea\u30ac\u30f3\u30fb\u30b7\u30e3\u30e0\u30ed\u30c3\u30af (10)"},"content":{"rendered":"<p>Cette ann\u00e9e, il s\u2019agit \u00e0 nouveau de formats toro dot\u00e9s de deux ou trois feuilles de cape diff\u00e9rentes et appel\u00e9es \u201cBarber Pole\u201d ou \u201cShamrock\u201d. Comme pour le Black Market normal, la feuille de cape est une Sumatra d\u2019\u00c9quateur, la tripe est un m\u00e9lange de Panama et de Honduras.<\/p>\n<p>La feuille de cape verte est obtenue gr\u00e2ce \u00e0 un processus de s\u00e9chage sophistiqu\u00e9. Le tabac est s\u00e9ch\u00e9 pendant 72 heures \u00e0 une temp\u00e9rature \u00e9lev\u00e9e, ce qui permet d\u2019emprisonner la chlorophylle dans les feuilles avant m\u00eame qu\u2019elle ne se d\u00e9grade.<\/p>","protected":false},"excerpt":{"rendered":"<p>\u8449\u5dfb10\u672c\u5165\u308a\u3002.<\/p>","protected":false},"featured_media":58273,"template":"","meta":{"_acf_changed":false},"product_brand":[],"product_cat":[29306,35466,19809,24947],"product_tag":[],"class_list":{"0":"post-58276","1":"product","2":"type-product","3":"status-publish","4":"has-post-thumbnail","6":"product_cat-alec-bradley-cigares-honduriens","7":"product_cat-alec-bradley-filthy-hooligan","8":"product_cat-cigares","9":"product_cat-cigares-honduriens","10":"product_shipping_class-cigares","12":"first","13":"outofstock","14":"sale","15":"taxable","16":"shipping-taxable","17":"purchasable","18":"product-type-simple"},"acf":[],"_links":{"self":[{"href":"https:\/\/cigarquality.com\/ja\/wp-json\/wp\/v2\/product\/58276","targetHints":{"allow":["GET"]}}],"collection":[{"href":"https:\/\/cigarquality.com\/ja\/wp-json\/wp\/v2\/product"}],"about":[{"href":"https:\/\/cigarquality.com\/ja\/wp-json\/wp\/v2\/types\/product"}],"wp:featuredmedia":[{"embeddable":true,"href":"https:\/\/cigarquality.com\/ja\/wp-json\/wp\/v2\/media\/58273"}],"wp:attachment":[{"href":"https:\/\/cigarquality.com\/ja\/wp-json\/wp\/v2\/media?parent=58276"}],"wp:term":[{"taxonomy":"product_brand","embeddable":true,"href":"https:\/\/cigarquality.com\/ja\/wp-json\/wp\/v2\/product_brand?post=58276"},{"taxonomy":"product_cat","embeddable":true,"href":"https:\/\/cigarquality.com\/ja\/wp-json\/wp\/v2\/product_cat?post=58276"},{"taxonomy":"product_tag","embeddable":true,"href":"https:\/\/cigarquality.com\/ja\/wp-json\/wp\/v2\/product_tag?post=58276"}],"curies":[{"name":"wp","href":"https:\/\/api.w.org\/{rel}","templated":true}]}}