{"id":57924,"date":"2022-02-15T16:35:45","date_gmt":"2022-02-15T15:35:45","guid":{"rendered":"https:\/\/cigarquality.com\/boutique\/non%20class\u00e9\/cubatabaco-1492-humidor-1992\/"},"modified":"2025-07-25T13:55:08","modified_gmt":"2025-07-25T11:55:08","slug":"cubatabaco-1492-humidor-1992","status":"publish","type":"product","link":"https:\/\/cigarquality.com\/ja\/boutique\/cigares-cubains\/cubatabaco\/cubatabaco-1492-humidor-1992\/","title":{"rendered":"\u30d2\u30e5\u30df\u30c9\u30fc\u30eb Cubatabaco 1492 - 1992 (50)"},"content":{"rendered":"<p><strong>\u8449\u5dfb \uff1a<\/strong> Fait main.\u00a0Fabriqu\u00e9 dans l&rsquo;usine H. Upmann.<br \/>\n<strong>\u30d0\u30f3\u30c9\uff1a<\/strong> Groupe sp\u00e9cial num\u00e9rot\u00e9 \u00ab\u00a01492\u00a0\u00bb.<br \/>\n<strong>\u30d1\u30c3\u30b1\u30fc\u30b8\u30f3\u30b0\uff1a<\/strong> Humidor num\u00e9rot\u00e9 de 50 cigares (501 fabriqu\u00e9s).<br \/>\n<strong>\u30b9\u30c6\u30fc\u30bf\u30b9\uff1a<\/strong> Une version de 1992.<br \/>\n<strong>\u30b9\u30c8\u30fc\u30ea\u30fc<\/strong> Publi\u00e9 par Cubatabaco pour comm\u00e9morer le 500e anniversaire de la \u00ab\u00a0d\u00e9couverte\u00a0\u00bb du tabac par Christophe Colomb.<\/p>\n<p>Contient 50 cigares Coronas Gordas.<\/p>\n<p><span style=\"color: #b20000;\"><strong>Collection priv\u00e9e<\/strong><\/span><\/p>","protected":false},"excerpt":{"rendered":"<p>\u8449\u5dfb50\u672c\u5165\u308a\u30d2\u30e5\u30df\u30c9\u30fc\u30eb\u3002.<\/p>","protected":false},"featured_media":57921,"template":"","meta":{"_acf_changed":false},"product_brand":[],"product_cat":[19809,19845,19788,21223,19793],"product_tag":[],"class_list":{"0":"post-57924","1":"product","2":"type-product","3":"status-publish","4":"has-post-thumbnail","6":"product_cat-cigares","7":"product_cat-cigares-cubains","8":"product_cat-collection-privee","9":"product_cat-cubatabaco","10":"product_cat-hard-to-find","11":"product_shipping_class-humidor-avec-cigares","13":"first","14":"outofstock","15":"taxable","16":"shipping-taxable","17":"purchasable","18":"product-type-simple"},"acf":[],"_links":{"self":[{"href":"https:\/\/cigarquality.com\/ja\/wp-json\/wp\/v2\/product\/57924","targetHints":{"allow":["GET"]}}],"collection":[{"href":"https:\/\/cigarquality.com\/ja\/wp-json\/wp\/v2\/product"}],"about":[{"href":"https:\/\/cigarquality.com\/ja\/wp-json\/wp\/v2\/types\/product"}],"wp:featuredmedia":[{"embeddable":true,"href":"https:\/\/cigarquality.com\/ja\/wp-json\/wp\/v2\/media\/57921"}],"wp:attachment":[{"href":"https:\/\/cigarquality.com\/ja\/wp-json\/wp\/v2\/media?parent=57924"}],"wp:term":[{"taxonomy":"product_brand","embeddable":true,"href":"https:\/\/cigarquality.com\/ja\/wp-json\/wp\/v2\/product_brand?post=57924"},{"taxonomy":"product_cat","embeddable":true,"href":"https:\/\/cigarquality.com\/ja\/wp-json\/wp\/v2\/product_cat?post=57924"},{"taxonomy":"product_tag","embeddable":true,"href":"https:\/\/cigarquality.com\/ja\/wp-json\/wp\/v2\/product_tag?post=57924"}],"curies":[{"name":"wp","href":"https:\/\/api.w.org\/{rel}","templated":true}]}}