{"id":57862,"date":"2022-02-14T12:01:29","date_gmt":"2022-02-14T11:01:29","guid":{"rendered":"https:\/\/cigarquality.com\/boutique\/non%20class\u00e9\/montecristo-churchills-anejados-25\/"},"modified":"2025-08-06T10:11:32","modified_gmt":"2025-08-06T08:11:32","slug":"montecristo-churchills-anejados-25","status":"publish","type":"product","link":"https:\/\/cigarquality.com\/ja\/boutique\/cigares-cubains\/montecristo\/montecristo-linea-clasica\/montecristo-churchills-anejados-25\/","title":{"rendered":"\u30e2\u30f3\u30c6\u30af\u30ea\u30b9\u30c8 \u30c1\u30e3\u30fc\u30c1\u30eb\u30ba \u30a2\u30cd\u30cf\u30c9\u30b9 (25)"},"content":{"rendered":"<p>Le Montecristo Churchills Anejados est classique et intemporel, vieilli au minimum 5 ans avant commercialisation, compl\u00e8te parfaitement le catalogue de Montecristo. Le timbre au dos de la boite, ainsi que le second sceau de contr\u00f4le garantissent la qualit\u00e9 authentique et irr\u00e9prochable. Parfaitement roul\u00e9, le Montecristo Churchills Anejados a tr\u00e8s belle allure. La cape relativement fonc\u00e9e se diff\u00e9rencie des habitudes de la marque. La d\u00e9gustation ravira les amateurs de cigares aux ar\u00f4mes construits et \u00e9volutifs.<\/p>","protected":false},"excerpt":{"rendered":"<p>\u8449\u5dfb25\u672c\u5165\u308a\u3002.<\/p>","protected":false},"featured_media":57860,"template":"","meta":{"_acf_changed":false},"product_brand":[],"product_cat":[19809,19845,20617,20635],"product_tag":[],"class_list":{"0":"post-57862","1":"product","2":"type-product","3":"status-publish","4":"has-post-thumbnail","6":"product_cat-cigares","7":"product_cat-cigares-cubains","8":"product_cat-montecristo","9":"product_cat-montecristo-linea-clasica","10":"product_shipping_class-cigares","12":"first","13":"outofstock","14":"taxable","15":"shipping-taxable","16":"purchasable","17":"product-type-simple"},"acf":[],"_links":{"self":[{"href":"https:\/\/cigarquality.com\/ja\/wp-json\/wp\/v2\/product\/57862","targetHints":{"allow":["GET"]}}],"collection":[{"href":"https:\/\/cigarquality.com\/ja\/wp-json\/wp\/v2\/product"}],"about":[{"href":"https:\/\/cigarquality.com\/ja\/wp-json\/wp\/v2\/types\/product"}],"wp:featuredmedia":[{"embeddable":true,"href":"https:\/\/cigarquality.com\/ja\/wp-json\/wp\/v2\/media\/57860"}],"wp:attachment":[{"href":"https:\/\/cigarquality.com\/ja\/wp-json\/wp\/v2\/media?parent=57862"}],"wp:term":[{"taxonomy":"product_brand","embeddable":true,"href":"https:\/\/cigarquality.com\/ja\/wp-json\/wp\/v2\/product_brand?post=57862"},{"taxonomy":"product_cat","embeddable":true,"href":"https:\/\/cigarquality.com\/ja\/wp-json\/wp\/v2\/product_cat?post=57862"},{"taxonomy":"product_tag","embeddable":true,"href":"https:\/\/cigarquality.com\/ja\/wp-json\/wp\/v2\/product_tag?post=57862"}],"curies":[{"name":"wp","href":"https:\/\/api.w.org\/{rel}","templated":true}]}}