{"id":57475,"date":"2022-01-27T15:29:25","date_gmt":"2022-01-27T14:29:25","guid":{"rendered":"https:\/\/cigarquality.com\/?post_type=product&#038;p=57475"},"modified":"2026-03-02T16:31:05","modified_gmt":"2026-03-02T15:31:05","slug":"arturo-fuente-ffox-the-lost-city-5-cigares-assortiment-le-2021-5","status":"publish","type":"product","link":"https:\/\/cigarquality.com\/ja\/boutique\/cigares-dominicains\/arturo-fuente\/fuente-fuente-opus-x\/fuente-fuente-the-lost-city\/arturo-fuente-ffox-the-lost-city-5-cigares-assortiment-le-2021-5\/","title":{"rendered":"Arturo Fuente FFOX the Lost City 5 cigares Assortiment &#8211; L.E. 2021 (5)"},"content":{"rendered":"<p>L\u2019un des cigares les plus recherch\u00e9s et les plus difficiles \u00e0 trouver au monde,\u00a0<strong>le Fuente Fuente Opus X Lost City est le summum de la perfection en mati\u00e8re de cigares ultra-premium.<\/strong> Fabriqu\u00e9s en tr\u00e8s petits lots, les cigares Lost City contiennent des tabacs rares de 5 ans d\u2019\u00e2ge cultiv\u00e9s \u00e0 la ferme du Ch\u00e2teau de la Fuente. Fabriqu\u00e9 \u00e0 partir de tabacs 100% dominicains.<\/p>\n<p>L&rsquo;assortiment Fuente Fuente Opus X The Lost City contient :<\/p>\n<ul>\n<li>2 Fuente Fuente Opus X Lost City Double Robusto<\/li>\n<li>1 Fuente Fuente Opus X Lost City Robusto<\/li>\n<li>2 Fuente Fuente Opus X Lost City Toro<\/li>\n<\/ul>\n<p><strong>Avec seulement 550 bo\u00eetes<\/strong> produites chaque ann\u00e9e, vous devez appuyer tr\u00e8s rapidement sur la g\u00e2chette pour avoir l\u2019occasion de ressentir cette incroyable fum\u00e9e.<\/p>","protected":false},"excerpt":{"rendered":"<p>\u8449\u5dfb5\u672c\u5165\u308a\u3002.<\/p>","protected":false},"featured_media":57474,"template":"","meta":{"_acf_changed":false},"product_brand":[],"product_cat":[16857,19809,19812,35359,24616],"product_tag":[],"class_list":{"0":"post-57475","1":"product","2":"type-product","3":"status-publish","4":"has-post-thumbnail","6":"product_cat-arturo-fuente","7":"product_cat-cigares","8":"product_cat-cigares-dominicains","9":"product_cat-fuente-fuente-the-lost-city","10":"product_cat-fuente-fuente-opus-x","11":"product_shipping_class-cigares","13":"first","14":"outofstock","15":"taxable","16":"shipping-taxable","17":"purchasable","18":"product-type-simple"},"acf":[],"_links":{"self":[{"href":"https:\/\/cigarquality.com\/ja\/wp-json\/wp\/v2\/product\/57475","targetHints":{"allow":["GET"]}}],"collection":[{"href":"https:\/\/cigarquality.com\/ja\/wp-json\/wp\/v2\/product"}],"about":[{"href":"https:\/\/cigarquality.com\/ja\/wp-json\/wp\/v2\/types\/product"}],"wp:featuredmedia":[{"embeddable":true,"href":"https:\/\/cigarquality.com\/ja\/wp-json\/wp\/v2\/media\/57474"}],"wp:attachment":[{"href":"https:\/\/cigarquality.com\/ja\/wp-json\/wp\/v2\/media?parent=57475"}],"wp:term":[{"taxonomy":"product_brand","embeddable":true,"href":"https:\/\/cigarquality.com\/ja\/wp-json\/wp\/v2\/product_brand?post=57475"},{"taxonomy":"product_cat","embeddable":true,"href":"https:\/\/cigarquality.com\/ja\/wp-json\/wp\/v2\/product_cat?post=57475"},{"taxonomy":"product_tag","embeddable":true,"href":"https:\/\/cigarquality.com\/ja\/wp-json\/wp\/v2\/product_tag?post=57475"}],"curies":[{"name":"wp","href":"https:\/\/api.w.org\/{rel}","templated":true}]}}