{"id":56255,"date":"2021-11-19T10:36:26","date_gmt":"2021-11-19T09:36:26","guid":{"rendered":"https:\/\/cigarquality.com\/?post_type=product&#038;p=56255"},"modified":"2025-10-08T14:16:21","modified_gmt":"2025-10-08T12:16:21","slug":"oliva-serie-v-melanio-maduro-figurado-10","status":"publish","type":"product","link":"https:\/\/cigarquality.com\/ja\/boutique\/cigares-nicaraguayens\/oliva\/oliva-serie-v\/oliva-serie-v-melanio-maduro\/oliva-serie-v-melanio-maduro-figurado-10\/","title":{"rendered":"\u30aa\u30ea\u30d0 \u30bb\u30ea\u30a8V \u30e1\u30e9\u30cb\u30aa\u30fb\u30de\u30c7\u30e5\u30fc\u30ed\u30fb\u30d5\u30a3\u30ae\u30e5\u30e9\u30c9 (10)"},"content":{"rendered":"<p><strong>L\u2019Oliva S\u00e9rie V Melanio Maduro Figurado <\/strong>est emball\u00e9 dans une bo\u00eete de 10, pr\u00e9sentant le m\u00eame m\u00e9lange exacte que son cousin le Torpedo <strong>qui a \u00e9t\u00e9 \u00e9lu meilleur cigare de l\u2019ann\u00e9e 2007<\/strong> par Cigar Aficionado. Il et la m\u00eame forme non traditionnelle que le gagnant du grand prix. Une fois que vous aurez fait l\u2019exp\u00e9rience des saveurs luxuriantes et chaudes du bois, du cuir, du caf\u00e9 et des notes de caramel sucr\u00e9, vous voudrez peut-\u00eatre voter pour celui-ci !<\/p>","protected":false},"excerpt":{"rendered":"<p>\u8449\u5dfb10\u672c\u5165\u308a\u3002.<\/p>","protected":false},"featured_media":56256,"template":"","meta":{"_acf_changed":false},"product_brand":[],"product_cat":[19809,24833,31451,31511,34767],"product_tag":[],"class_list":{"0":"post-56255","1":"product","2":"type-product","3":"status-publish","4":"has-post-thumbnail","6":"product_cat-cigares","7":"product_cat-cigares-nicaraguayens","8":"product_cat-oliva","9":"product_cat-oliva-serie-v","10":"product_cat-oliva-serie-v-melanio-maduro","11":"product_shipping_class-cigares","13":"first","14":"instock","15":"sale","16":"taxable","17":"shipping-taxable","18":"purchasable","19":"product-type-simple"},"acf":[],"_links":{"self":[{"href":"https:\/\/cigarquality.com\/ja\/wp-json\/wp\/v2\/product\/56255","targetHints":{"allow":["GET"]}}],"collection":[{"href":"https:\/\/cigarquality.com\/ja\/wp-json\/wp\/v2\/product"}],"about":[{"href":"https:\/\/cigarquality.com\/ja\/wp-json\/wp\/v2\/types\/product"}],"wp:featuredmedia":[{"embeddable":true,"href":"https:\/\/cigarquality.com\/ja\/wp-json\/wp\/v2\/media\/56256"}],"wp:attachment":[{"href":"https:\/\/cigarquality.com\/ja\/wp-json\/wp\/v2\/media?parent=56255"}],"wp:term":[{"taxonomy":"product_brand","embeddable":true,"href":"https:\/\/cigarquality.com\/ja\/wp-json\/wp\/v2\/product_brand?post=56255"},{"taxonomy":"product_cat","embeddable":true,"href":"https:\/\/cigarquality.com\/ja\/wp-json\/wp\/v2\/product_cat?post=56255"},{"taxonomy":"product_tag","embeddable":true,"href":"https:\/\/cigarquality.com\/ja\/wp-json\/wp\/v2\/product_tag?post=56255"}],"curies":[{"name":"wp","href":"https:\/\/api.w.org\/{rel}","templated":true}]}}