{"id":56052,"date":"2021-11-16T09:20:37","date_gmt":"2021-11-16T08:20:37","guid":{"rendered":"https:\/\/cigarquality.com\/?post_type=product&#038;p=56052"},"modified":"2025-09-11T11:09:00","modified_gmt":"2025-09-11T09:09:00","slug":"perdomo-reserve-10th-anniversary-sun-grown-bp-super-toro-25","status":"publish","type":"product","link":"https:\/\/cigarquality.com\/ja\/boutique\/cigares-nicaraguayens\/perdomo\/perdomo-reserve-10th-anniversary-sun-grown-bp\/perdomo-reserve-10th-anniversary-sun-grown-bp-super-toro-25\/","title":{"rendered":"\u30da\u30eb\u30c9\u30e2\u30fb\u30ea\u30b6\u30fc\u30d610\u5468\u5e74\u8a18\u5ff5\u30b5\u30f3\u30fb\u30b0\u30ed\u30a6\u30f3BP\u30b9\u30fc\u30d1\u30fc\u30c8\u30ed (25)"},"content":{"rendered":"<p><strong>Le cigare Perdomo Reserve 10th Anniversary Sun Grown Box Pressed Super Toro<\/strong>\u00a0est un \u00ab\u00a0puro\u00a0\u00bb nicaraguayen moyen \u00e0 cors\u00e9, compos\u00e9 d&rsquo;une magnifique cape nicaraguayenne de 6 ans d&rsquo;\u00e2ge, issue de graines cubaines, qui a \u00e9t\u00e9 vieillie en f\u00fbt de bourbon pendant 10 mois suppl\u00e9mentaires. Elle est associ\u00e9e \u00e0 des tabacs nicaraguayens de 6 ans d&rsquo;\u00e2ge, issus de graines cubaines, pour cr\u00e9er un riche noyau de saveurs terreuses, avec des touches d&rsquo;\u00e9pices et un final tout en douceur.<\/p>","protected":false},"excerpt":{"rendered":"<p>\u8449\u5dfb25\u672c\u5165\u308a\u3002.<\/p>","protected":false},"featured_media":56126,"template":"","meta":{"_acf_changed":false},"product_brand":[],"product_cat":[19809,24833,34761,35061],"product_tag":[2095,2050],"class_list":{"0":"post-56052","1":"product","2":"type-product","3":"status-publish","4":"has-post-thumbnail","6":"product_cat-cigares","7":"product_cat-cigares-nicaraguayens","8":"product_cat-perdomo","9":"product_cat-perdomo-reserve-10th-anniversary-sun-grown-bp","10":"product_tag-epices","11":"product_tag-terre","12":"product_shipping_class-cigares","14":"first","15":"instock","16":"sale","17":"taxable","18":"shipping-taxable","19":"purchasable","20":"product-type-simple"},"acf":[],"_links":{"self":[{"href":"https:\/\/cigarquality.com\/ja\/wp-json\/wp\/v2\/product\/56052","targetHints":{"allow":["GET"]}}],"collection":[{"href":"https:\/\/cigarquality.com\/ja\/wp-json\/wp\/v2\/product"}],"about":[{"href":"https:\/\/cigarquality.com\/ja\/wp-json\/wp\/v2\/types\/product"}],"wp:featuredmedia":[{"embeddable":true,"href":"https:\/\/cigarquality.com\/ja\/wp-json\/wp\/v2\/media\/56126"}],"wp:attachment":[{"href":"https:\/\/cigarquality.com\/ja\/wp-json\/wp\/v2\/media?parent=56052"}],"wp:term":[{"taxonomy":"product_brand","embeddable":true,"href":"https:\/\/cigarquality.com\/ja\/wp-json\/wp\/v2\/product_brand?post=56052"},{"taxonomy":"product_cat","embeddable":true,"href":"https:\/\/cigarquality.com\/ja\/wp-json\/wp\/v2\/product_cat?post=56052"},{"taxonomy":"product_tag","embeddable":true,"href":"https:\/\/cigarquality.com\/ja\/wp-json\/wp\/v2\/product_tag?post=56052"}],"curies":[{"name":"wp","href":"https:\/\/api.w.org\/{rel}","templated":true}]}}