{"id":55954,"date":"2021-11-12T11:33:04","date_gmt":"2021-11-12T10:33:04","guid":{"rendered":"https:\/\/cigarquality.com\/?post_type=product&#038;p=55954"},"modified":"2025-09-11T10:49:13","modified_gmt":"2025-09-11T08:49:13","slug":"perdomo-lot-23-sun-grown-gordito-24","status":"publish","type":"product","link":"https:\/\/cigarquality.com\/ja\/boutique\/cigares-nicaraguayens\/perdomo\/perdomo-lot-23-sun-grown\/perdomo-lot-23-sun-grown-gordito-24\/","title":{"rendered":"\u30da\u30eb\u30c9\u30e2 \u30ed\u30c3\u30c823 \u30b5\u30f3 \u30b0\u30ed\u30a6\u30f3 \u30b4\u30eb\u30c7\u30a3\u30fc\u30c8 (24)"},"content":{"rendered":"<p>La gamme Perdomo Lot 23 fait r\u00e9f\u00e9rence \u00e0 une parcelle de terre vierge d\u00e9couverte par Nick Perdomo et son p\u00e8re au Nicaragua, o\u00f9 ils ont d\u00e9cid\u00e9 de planter une r\u00e9colte de tabac Criollo et Corojo &rsquo;98 l&rsquo;ann\u00e9e 2000. <strong>Le Perdomo Lot 23 Sun Grown Gordito est dot\u00e9 d&rsquo;une magnifique enveloppe Sun Grown de 5 ans d&rsquo;\u00e2ge<\/strong>, \u00e0 base de graines cubaines du Nicaragua, qui ajoute un piquant doux aux robustes tabacs de la sous-cape et de la tripe cubaines du Nicaragua. Le Perdomo Lot 23 Sun Grown Gordito offre une saveur de noix avec des notes de c\u00e8dre et d&rsquo;\u00e9pices en fin de bouche.<\/p>\n<p>&nbsp;<\/p>","protected":false},"excerpt":{"rendered":"<p>\u8449\u5dfb24\u672c\u5165\u308a\u3002.<\/p>","protected":false},"featured_media":55985,"template":"","meta":{"_acf_changed":false},"product_brand":[],"product_cat":[19809,24833,34761,34976],"product_tag":[941,2095,1878],"class_list":{"0":"post-55954","1":"product","2":"type-product","3":"status-publish","4":"has-post-thumbnail","6":"product_cat-cigares","7":"product_cat-cigares-nicaraguayens","8":"product_cat-perdomo","9":"product_cat-perdomo-lot-23-sun-grown","10":"product_tag-cedre","11":"product_tag-epices","12":"product_tag-noix","13":"product_shipping_class-cigares","15":"first","16":"instock","17":"sale","18":"taxable","19":"shipping-taxable","20":"purchasable","21":"product-type-simple"},"acf":[],"_links":{"self":[{"href":"https:\/\/cigarquality.com\/ja\/wp-json\/wp\/v2\/product\/55954","targetHints":{"allow":["GET"]}}],"collection":[{"href":"https:\/\/cigarquality.com\/ja\/wp-json\/wp\/v2\/product"}],"about":[{"href":"https:\/\/cigarquality.com\/ja\/wp-json\/wp\/v2\/types\/product"}],"wp:featuredmedia":[{"embeddable":true,"href":"https:\/\/cigarquality.com\/ja\/wp-json\/wp\/v2\/media\/55985"}],"wp:attachment":[{"href":"https:\/\/cigarquality.com\/ja\/wp-json\/wp\/v2\/media?parent=55954"}],"wp:term":[{"taxonomy":"product_brand","embeddable":true,"href":"https:\/\/cigarquality.com\/ja\/wp-json\/wp\/v2\/product_brand?post=55954"},{"taxonomy":"product_cat","embeddable":true,"href":"https:\/\/cigarquality.com\/ja\/wp-json\/wp\/v2\/product_cat?post=55954"},{"taxonomy":"product_tag","embeddable":true,"href":"https:\/\/cigarquality.com\/ja\/wp-json\/wp\/v2\/product_tag?post=55954"}],"curies":[{"name":"wp","href":"https:\/\/api.w.org\/{rel}","templated":true}]}}