{"id":55896,"date":"2021-11-11T16:27:49","date_gmt":"2021-11-11T15:27:49","guid":{"rendered":"https:\/\/cigarquality.com\/?post_type=product&#038;p=55896"},"modified":"2025-09-21T14:51:03","modified_gmt":"2025-09-21T12:51:03","slug":"perdomo-nicaragua-bourbon-barrel-aged-sun-grown-gordo-24","status":"publish","type":"product","link":"https:\/\/cigarquality.com\/ja\/boutique\/cigares-nicaraguayens\/perdomo\/perdomo-nicaragua-bourbon-barrel-aged-sun-grown\/perdomo-nicaragua-bourbon-barrel-aged-sun-grown-gordo-24\/","title":{"rendered":"\u30da\u30eb\u30c9\u30e2\u30fb\u30cb\u30ab\u30e9\u30b0\u30a2 \u30d0\u30fc\u30dc\u30f3\u30d0\u30ec\u30eb\u719f\u6210 \u30b5\u30f3 \u30b0\u30ed\u30a6\u30f3 \u30b4\u30eb\u30c9 (24)"},"content":{"rendered":"<p><strong>Le cigare Perdomo Nicaragua Bourbon Barrel Aged Sun Grown Gordo<\/strong> poss\u00e8de une feuille de cape qui a \u00e9t\u00e9 vieillie pendant au moins six ans, puis laiss\u00e9e tremper dans des f\u00fbts de bourbon pendant 10 mois. Le m\u00e9lange est compos\u00e9 de feuilles provenant des r\u00e9gions de Jalapa, Condega et Esteli. Il en r\u00e9sulte un m\u00e9lange cors\u00e9 aux saveurs d&rsquo;\u00e9pices et de terre, avec des nuances du f\u00fbt de bourbon.<\/p>","protected":false},"excerpt":{"rendered":"<p>\u8449\u5dfb24\u672c\u5165\u308a\u3002.<\/p>","protected":false},"featured_media":55935,"template":"","meta":{"_acf_changed":false},"product_brand":[],"product_cat":[19809,24833,34761,35034],"product_tag":[11937,2095,2050],"class_list":{"0":"post-55896","1":"product","2":"type-product","3":"status-publish","4":"has-post-thumbnail","6":"product_cat-cigares","7":"product_cat-cigares-nicaraguayens","8":"product_cat-perdomo","9":"product_cat-perdomo-nicaragua-bourbon-barrel-aged-sun-grown","10":"product_tag-bourbon","11":"product_tag-epices","12":"product_tag-terre","13":"product_shipping_class-cigares","15":"first","16":"instock","17":"sale","18":"taxable","19":"shipping-taxable","20":"purchasable","21":"product-type-simple"},"acf":[],"_links":{"self":[{"href":"https:\/\/cigarquality.com\/ja\/wp-json\/wp\/v2\/product\/55896","targetHints":{"allow":["GET"]}}],"collection":[{"href":"https:\/\/cigarquality.com\/ja\/wp-json\/wp\/v2\/product"}],"about":[{"href":"https:\/\/cigarquality.com\/ja\/wp-json\/wp\/v2\/types\/product"}],"wp:featuredmedia":[{"embeddable":true,"href":"https:\/\/cigarquality.com\/ja\/wp-json\/wp\/v2\/media\/55935"}],"wp:attachment":[{"href":"https:\/\/cigarquality.com\/ja\/wp-json\/wp\/v2\/media?parent=55896"}],"wp:term":[{"taxonomy":"product_brand","embeddable":true,"href":"https:\/\/cigarquality.com\/ja\/wp-json\/wp\/v2\/product_brand?post=55896"},{"taxonomy":"product_cat","embeddable":true,"href":"https:\/\/cigarquality.com\/ja\/wp-json\/wp\/v2\/product_cat?post=55896"},{"taxonomy":"product_tag","embeddable":true,"href":"https:\/\/cigarquality.com\/ja\/wp-json\/wp\/v2\/product_tag?post=55896"}],"curies":[{"name":"wp","href":"https:\/\/api.w.org\/{rel}","templated":true}]}}