{"id":55726,"date":"2021-11-03T16:50:19","date_gmt":"2021-11-03T15:50:19","guid":{"rendered":"https:\/\/cigarquality.com\/?post_type=product&#038;p=55726"},"modified":"2025-09-11T12:04:27","modified_gmt":"2025-09-11T10:04:27","slug":"undercrown-10-corona-doble-20","status":"publish","type":"product","link":"https:\/\/cigarquality.com\/ja\/boutique\/cigares-nicaraguayens\/drew-estate\/undercrown-10\/undercrown-10-corona-doble-20\/","title":{"rendered":"\u30a2\u30f3\u30c0\u30fc\u30af\u30e9\u30a6\u30f310 \u30b3\u30ed\u30ca\u30fb\u30c9\u30d6\u30ec (20)"},"content":{"rendered":"<p>Le cigare Undercrown 10 Corona Doble est un cigare premium cors\u00e9 qui c\u00e9l\u00e8bre \u00ab\u00a0Une d\u00e9cennie de d\u00e9vouement\u00a0\u00bb. C&rsquo;est une marque qui est en fait \u00ab\u00a0n\u00e9e dans l&rsquo;usine\u00a0\u00bb. Ce double corona de c\u00e9l\u00e9bration arbore une d\u00e9licieuse cape mexicaine huileuse en maduro de San Andres qui recouvre habilement une sous-cape Connecticut Broadleaf des \u00c9tats-Unis et des feuilles de tripes longues du Nicaragua.<\/p>\n<p>Cet incroyable m\u00e9lange de trois nations offre une exp\u00e9rience de fum\u00e9e chocolat\u00e9e chaude avec une douceur naturelle sous-jacente et accentu\u00e9e par une sensation poivr\u00e9e intense. Ces riches saveurs sont harmonieusement accompagn\u00e9es d&rsquo;irr\u00e9sistibles notes fruit\u00e9es, terreuses et bois\u00e9es. Fabriqu\u00e9 \u00e0 la main par des experts dans l&rsquo;usine La Gran Fabrica Drew Estate au Nicaragua, le Undercrown 10 est \u00ab\u00a0All Dekked Out\u00a0\u00bb avec un ruban, une bague et une bague de pied sp\u00e9ciaux, et il est emball\u00e9 dans une bo\u00eete de collection comm\u00e9morative.<\/p>","protected":false},"excerpt":{"rendered":"<p>20\u672c\u5165\u308a\u3002.<\/p>","protected":false},"featured_media":55738,"template":"","meta":{"_acf_changed":false},"product_brand":[],"product_cat":[19809,24833,26451,35004],"product_tag":[1903,1888,2316,1781],"class_list":{"0":"post-55726","1":"product","2":"type-product","3":"status-publish","4":"has-post-thumbnail","6":"product_cat-cigares","7":"product_cat-cigares-nicaraguayens","8":"product_cat-drew-estate","9":"product_cat-undercrown-10","10":"product_tag-chocolat","11":"product_tag-epice","12":"product_tag-notes-cremeuses","13":"product_tag-notes-terreuses","14":"product_shipping_class-cigares","16":"first","17":"instock","18":"sale","19":"taxable","20":"shipping-taxable","21":"purchasable","22":"product-type-simple"},"acf":[],"_links":{"self":[{"href":"https:\/\/cigarquality.com\/ja\/wp-json\/wp\/v2\/product\/55726","targetHints":{"allow":["GET"]}}],"collection":[{"href":"https:\/\/cigarquality.com\/ja\/wp-json\/wp\/v2\/product"}],"about":[{"href":"https:\/\/cigarquality.com\/ja\/wp-json\/wp\/v2\/types\/product"}],"wp:featuredmedia":[{"embeddable":true,"href":"https:\/\/cigarquality.com\/ja\/wp-json\/wp\/v2\/media\/55738"}],"wp:attachment":[{"href":"https:\/\/cigarquality.com\/ja\/wp-json\/wp\/v2\/media?parent=55726"}],"wp:term":[{"taxonomy":"product_brand","embeddable":true,"href":"https:\/\/cigarquality.com\/ja\/wp-json\/wp\/v2\/product_brand?post=55726"},{"taxonomy":"product_cat","embeddable":true,"href":"https:\/\/cigarquality.com\/ja\/wp-json\/wp\/v2\/product_cat?post=55726"},{"taxonomy":"product_tag","embeddable":true,"href":"https:\/\/cigarquality.com\/ja\/wp-json\/wp\/v2\/product_tag?post=55726"}],"curies":[{"name":"wp","href":"https:\/\/api.w.org\/{rel}","templated":true}]}}