{"id":55233,"date":"2021-09-21T14:14:16","date_gmt":"2021-09-21T13:14:16","guid":{"rendered":"https:\/\/cigarquality.com\/?post_type=product&#038;p=55233"},"modified":"2025-07-25T13:37:44","modified_gmt":"2025-07-25T11:37:44","slug":"buena-vista-dark-fired-kentucky-robusto-5x5","status":"publish","type":"product","link":"https:\/\/cigarquality.com\/ja\/boutique\/cigares-dominicains\/buena-vista\/buena-vista-dark-fired-kentucky\/buena-vista-dark-fired-kentucky-robusto-5x5\/","title":{"rendered":"\u30d6\u30a8\u30ca\u30d3\u30b9\u30bf\u30fb\u30c0\u30fc\u30af\u30d5\u30a1\u30a4\u30e4\u30fc\u30fb\u30b1\u30f3\u30bf\u30c3\u30ad\u30fc\u30fb\u30ed\u30d6\u30b9\u30c8\uff085\u00d75\uff09"},"content":{"rendered":"<p><strong>Le Buena Vista Dark Fired Kentucky Robusto<\/strong> offre toute la vari\u00e9t\u00e9 des ar\u00f4mes dans un \u00e9quilibre harmonieux, sans saveur dominante. Les ar\u00f4mes de terre se partagent le palais de mani\u00e8re \u00e9gale avec les ar\u00f4mes attrayants de torr\u00e9faction et de fum\u00e9e. La saveur est couronn\u00e9e de notes douces-am\u00e8res et d&rsquo;une \u00e9pice constante et subtile.<\/p>","protected":false},"excerpt":{"rendered":"<p>\u8449\u5dfb5\u672c\u5165\u308a5\u7bb1\u3002.<\/p>","protected":false},"featured_media":55234,"template":"","meta":{"_acf_changed":false},"product_brand":[],"product_cat":[34917,34918,19809,19812],"product_tag":[],"class_list":{"0":"post-55233","1":"product","2":"type-product","3":"status-publish","4":"has-post-thumbnail","6":"product_cat-buena-vista","7":"product_cat-buena-vista-dark-fired-kentucky","8":"product_cat-cigares","9":"product_cat-cigares-dominicains","10":"product_shipping_class-cigares","12":"first","13":"instock","14":"taxable","15":"shipping-taxable","16":"purchasable","17":"product-type-simple"},"acf":[],"_links":{"self":[{"href":"https:\/\/cigarquality.com\/ja\/wp-json\/wp\/v2\/product\/55233","targetHints":{"allow":["GET"]}}],"collection":[{"href":"https:\/\/cigarquality.com\/ja\/wp-json\/wp\/v2\/product"}],"about":[{"href":"https:\/\/cigarquality.com\/ja\/wp-json\/wp\/v2\/types\/product"}],"wp:featuredmedia":[{"embeddable":true,"href":"https:\/\/cigarquality.com\/ja\/wp-json\/wp\/v2\/media\/55234"}],"wp:attachment":[{"href":"https:\/\/cigarquality.com\/ja\/wp-json\/wp\/v2\/media?parent=55233"}],"wp:term":[{"taxonomy":"product_brand","embeddable":true,"href":"https:\/\/cigarquality.com\/ja\/wp-json\/wp\/v2\/product_brand?post=55233"},{"taxonomy":"product_cat","embeddable":true,"href":"https:\/\/cigarquality.com\/ja\/wp-json\/wp\/v2\/product_cat?post=55233"},{"taxonomy":"product_tag","embeddable":true,"href":"https:\/\/cigarquality.com\/ja\/wp-json\/wp\/v2\/product_tag?post=55233"}],"curies":[{"name":"wp","href":"https:\/\/api.w.org\/{rel}","templated":true}]}}