{"id":55153,"date":"2021-09-16T11:16:06","date_gmt":"2021-09-16T09:16:06","guid":{"rendered":"https:\/\/cigarquality.com\/?post_type=product&#038;p=55153"},"modified":"2025-07-25T13:37:41","modified_gmt":"2025-07-25T11:37:41","slug":"inca-tambo-toro-20","status":"publish","type":"product","link":"https:\/\/cigarquality.com\/ja\/boutique\/cigares-peruviens\/inca\/inca-tambo-toro-20\/","title":{"rendered":"\u30a4\u30f3\u30ab\u30fb\u30bf\u30f3\u30dc\u30fb\u30c8\u30ed (20)"},"content":{"rendered":"<p><strong>Les cigares Inca Tambo Toro sont fabriqu\u00e9s \u00e0 partir de tabac 100% p\u00e9ruvien vieilli minimum 3 ans.<\/strong> \u30a4\u30ae\u30ea\u30b9\u306e\u8449\u5dfb\u5546\u30df\u30c3\u30c1\u30a7\u30eb\u30fb\u30aa\u30fc\u30c1\u30e3\u30f3\u30c8\u304c\u30a4\u30f3\u30ab\u30d6\u30e9\u30f3\u30c9\u3092\u7acb\u3061\u4e0a\u3052\u305f\u3002\u5f7c\u306f\u4ed6\u306e\u300c\u65b0\u4e16\u754c\u300d\u306e\u8449\u5dfb\u3068\u306f\u7570\u306a\u308b\u5473\u306e\u8449\u5dfb\u3092\u63a2\u3057\u3066\u3044\u305f\u3002\u3053\u306e\u305f\u3081\u3001\u5f7c\u306f2012\u5e74\u306b\u30da\u30eb\u30fc\u306eTabacalera del Oriente\u306eGennaro Lettieri\u3068\u306e\u5354\u529b\u3092\u958b\u59cb\u3057\u3001\u5f53\u521d\u306f\u30a4\u30ae\u30ea\u30b9\u5e02\u5834\u306bInca\u30b7\u30ac\u30fc\u3092\u63d0\u4f9b\u3057\u305f\u30022015\u5e74\u306b\u30a2\u30e1\u30ea\u30ab\u3067\u7d39\u4ecb\u3055\u308c\u30012021\u5e74\u306b\u3088\u3046\u3084\u304f\u30b9\u30a4\u30b9\u306b\u5230\u7740\u3057\u305f\u3002.<\/p>\n<p><strong>\u30d1\u30c3\u30b1\u30fc\u30b8\u30f3\u30b0<br \/>\n<\/strong>\u7bb1\u306e\u5f62\u3084\u88c5\u98fe\u306f\u3001\u53e4\u4ee3\u30a4\u30f3\u30ab\u306e\u795e\u6bbf\u3092\u5f77\u5f7f\u3068\u3055\u305b\u308b\u3002\u30b7\u30ac\u30fc\u30ea\u30f3\u30b0\u3082\u30a4\u30f3\u30ab\u6587\u5316\u306b\u3061\u306a\u3093\u3067\u4f5c\u3089\u308c\u3066\u3044\u308b\u3002.<\/p>\n<p><strong>\u7518\u8349\u5165\u308a\u30af\u30ea\u30fc\u30df\u30fc\u30fb\u30c6\u30a3\u30fc<br \/>\n<\/strong>\u8efd\u3044\u30af\u30ea\u30fc\u30df\u30fc\u3055\u3068\u3001\u7d05\u8336\u3001\u30ca\u30c3\u30c4\u3001\u7518\u8349\u3092\u601d\u308f\u305b\u308b\u30de\u30a4\u30eb\u30c9\uff5e\u30df\u30c7\u30a3\u30a2\u30e0\u30dc\u30c7\u30a3\u306e\u30a2\u30ed\u30de\u306f\u3001\u30a2\u30f3\u30c7\u30b9\u306e\u9ad8\u304f\u80a5\u6c83\u306a\u6e13\u8c37\u306e\u611b\u597d\u5bb6\u306b\u30a2\u30d4\u30fc\u30eb\u3059\u308b\u3060\u308d\u3046\u3002.<\/p>","protected":false},"excerpt":{"rendered":"<p>20\u672c\u5165\u308a\u3002.<\/p>","protected":false},"featured_media":55173,"template":"","meta":{"_acf_changed":false},"product_brand":[],"product_cat":[19809,34907,34908],"product_tag":[1878,2354,34909],"class_list":{"0":"post-55153","1":"product","2":"type-product","3":"status-publish","4":"has-post-thumbnail","6":"product_cat-cigares","7":"product_cat-cigares-peruviens","8":"product_cat-inca","9":"product_tag-noix","10":"product_tag-reglisse","11":"product_tag-the","12":"product_shipping_class-cigares","14":"first","15":"instock","16":"sale","17":"taxable","18":"shipping-taxable","19":"purchasable","20":"product-type-simple"},"acf":[],"_links":{"self":[{"href":"https:\/\/cigarquality.com\/ja\/wp-json\/wp\/v2\/product\/55153","targetHints":{"allow":["GET"]}}],"collection":[{"href":"https:\/\/cigarquality.com\/ja\/wp-json\/wp\/v2\/product"}],"about":[{"href":"https:\/\/cigarquality.com\/ja\/wp-json\/wp\/v2\/types\/product"}],"wp:featuredmedia":[{"embeddable":true,"href":"https:\/\/cigarquality.com\/ja\/wp-json\/wp\/v2\/media\/55173"}],"wp:attachment":[{"href":"https:\/\/cigarquality.com\/ja\/wp-json\/wp\/v2\/media?parent=55153"}],"wp:term":[{"taxonomy":"product_brand","embeddable":true,"href":"https:\/\/cigarquality.com\/ja\/wp-json\/wp\/v2\/product_brand?post=55153"},{"taxonomy":"product_cat","embeddable":true,"href":"https:\/\/cigarquality.com\/ja\/wp-json\/wp\/v2\/product_cat?post=55153"},{"taxonomy":"product_tag","embeddable":true,"href":"https:\/\/cigarquality.com\/ja\/wp-json\/wp\/v2\/product_tag?post=55153"}],"curies":[{"name":"wp","href":"https:\/\/api.w.org\/{rel}","templated":true}]}}