{"id":55119,"date":"2021-09-14T14:06:32","date_gmt":"2021-09-14T13:06:32","guid":{"rendered":"https:\/\/cigarquality.com\/?post_type=product&#038;p=55119"},"modified":"2025-07-25T14:01:23","modified_gmt":"2025-07-25T12:01:23","slug":"bentley-robusto-20","status":"publish","type":"product","link":"https:\/\/cigarquality.com\/ja\/boutique\/cigares-nicaraguayens\/bentley\/bentley-robusto-20\/","title":{"rendered":"\u30d9\u30f3\u30c8\u30ec\u30fc \u30ed\u30d6\u30b9\u30c8 (20)"},"content":{"rendered":"<p>13\u00b051&rsquo;N, 86\u00b06&rsquo;W : Bienvenue dans la vall\u00e9e de Jalapa. Ici, au nord-est d&rsquo;Estel\u00ed et de Condega, pr\u00e8s de la fronti\u00e8re avec le Honduras, les sols riches et fertiles offrent d&rsquo;excellentes conditions pour la culture du tabac. La mati\u00e8re foliaire de cette r\u00e9gion donne le go\u00fbt caract\u00e9ristique des cigares Bentley du Nicaragua. Et prouve avec force la qualit\u00e9 particuli\u00e8re d&rsquo;une culture du tabac r\u00e9gional.<\/p>\n<p>Les choses vraiment pr\u00e9cieuses dans la vie sont rares. Comme la cape de rosado des cigares <strong>Bentley Robusto<\/strong> Nicaragua. Les connaisseurs savent \u00e0 quel point cette feuille est difficile \u00e0 cultiver. Appr\u00e9ciez la d&rsquo;autant plus lorsque vous fumerez. L&rsquo;artisanat traditionnel se fait \u00e9galement de plus en plus rare. C&rsquo;est ce qui fait du cigare simple une caract\u00e9ristique de bon go\u00fbt : de l&rsquo;\u00e9levage du tabac \u00e0 la maturation de trois ans des feuilles en passant par le roulage du cigare &#8211; nos collaborateurs accompagnent l&rsquo;ensemble du processus de production directement sur place. Dans la plus ancienne fabrique de cigares du Nicaragua.<\/p>\n<p>Ceci explique le go\u00fbt extraordinaire des cigares <strong>Bentley Robusto.<\/strong> Son caract\u00e8re intense se d\u00e9ploie continuellement \u00e0 chaque bouff\u00e9e. Et pourtant reste doux pendant toute la p\u00e9riode de d\u00e9gustation.<\/p>","protected":false},"excerpt":{"rendered":"<p>20\u672c\u5165\u308a\u3002.<\/p>","protected":false},"featured_media":55120,"template":"","meta":{"_acf_changed":false},"product_brand":[],"product_cat":[24836,19809,24833],"product_tag":[],"class_list":{"0":"post-55119","1":"product","2":"type-product","3":"status-publish","4":"has-post-thumbnail","6":"product_cat-bentley","7":"product_cat-cigares","8":"product_cat-cigares-nicaraguayens","9":"product_shipping_class-cigares","11":"first","12":"instock","13":"taxable","14":"shipping-taxable","15":"purchasable","16":"product-type-simple"},"acf":[],"_links":{"self":[{"href":"https:\/\/cigarquality.com\/ja\/wp-json\/wp\/v2\/product\/55119","targetHints":{"allow":["GET"]}}],"collection":[{"href":"https:\/\/cigarquality.com\/ja\/wp-json\/wp\/v2\/product"}],"about":[{"href":"https:\/\/cigarquality.com\/ja\/wp-json\/wp\/v2\/types\/product"}],"wp:featuredmedia":[{"embeddable":true,"href":"https:\/\/cigarquality.com\/ja\/wp-json\/wp\/v2\/media\/55120"}],"wp:attachment":[{"href":"https:\/\/cigarquality.com\/ja\/wp-json\/wp\/v2\/media?parent=55119"}],"wp:term":[{"taxonomy":"product_brand","embeddable":true,"href":"https:\/\/cigarquality.com\/ja\/wp-json\/wp\/v2\/product_brand?post=55119"},{"taxonomy":"product_cat","embeddable":true,"href":"https:\/\/cigarquality.com\/ja\/wp-json\/wp\/v2\/product_cat?post=55119"},{"taxonomy":"product_tag","embeddable":true,"href":"https:\/\/cigarquality.com\/ja\/wp-json\/wp\/v2\/product_tag?post=55119"}],"curies":[{"name":"wp","href":"https:\/\/api.w.org\/{rel}","templated":true}]}}